{"id":1450,"date":"2024-04-02T12:21:15","date_gmt":"2024-04-02T17:21:15","guid":{"rendered":"https:\/\/misseguros.com.co\/?page_id=1450"},"modified":"2024-04-12T12:28:05","modified_gmt":"2024-04-12T17:28:05","slug":"danos-terceros","status":"publish","type":"page","link":"https:\/\/misseguros.com.co\/index.php\/productos\/danos-terceros\/","title":{"rendered":"Seguro contra da\u00f1os malintencionados de terceros"},"content":{"rendered":"\n<div class=\"wp-block-uagb-container uagb-block-fb2eed69 alignfull uagb-is-root-container\"><div class=\"uagb-container-inner-blocks-wrap\">\n<div class=\"wp-block-uagb-container uagb-block-3fd9850c\">\n<div class=\"wp-block-stackable-image stk-block-image stk-block stk-1509cba\" data-block-id=\"1509cba\"><style>.stk-1509cba .stk-img-wrapper{width:100% !important;height:350px !important}.stk-1509cba .stk-img-wrapper img{border-radius:30px !important}.stk-1509cba .stk-img-wrapper:hover::after{background-color:var(--theme-palette-color-1,#023466) !important}.stk-1509cba .stk-img-wrapper::before{--stk-gradient-overlay:0.3 !important}<\/style><figure><span class=\"stk-img-wrapper stk-image--shape-stretch\"><img loading=\"lazy\" decoding=\"async\" class=\"stk-img wp-image-1844\" src=\"https:\/\/misseguros.com.co\/wp-content\/uploads\/2024\/04\/Danos-malintensionados-de-terceros-e1712942785728.webp\" width=\"1080\" height=\"728\" alt=\"Da\u00f1os malintencionados\" srcset=\"https:\/\/misseguros.com.co\/wp-content\/uploads\/2024\/04\/Danos-malintensionados-de-terceros-e1712942785728.webp 1080w, https:\/\/misseguros.com.co\/wp-content\/uploads\/2024\/04\/Danos-malintensionados-de-terceros-e1712942785728-300x202.webp 300w, https:\/\/misseguros.com.co\/wp-content\/uploads\/2024\/04\/Danos-malintensionados-de-terceros-e1712942785728-1024x690.webp 1024w, https:\/\/misseguros.com.co\/wp-content\/uploads\/2024\/04\/Danos-malintensionados-de-terceros-e1712942785728-768x518.webp 768w\" sizes=\"auto, (max-width: 1080px) 100vw, 1080px\" \/><\/span><\/figure><\/div>\n<\/div>\n\n\n\n<div class=\"wp-block-uagb-container uagb-block-17b5dfd2\">\n<div class=\"wp-block-stackable-heading stk-block-heading stk-block-heading--v2 stk-block stk-d54e2ac\" id=\"danos-malintencionados-de-terceros\" data-block-id=\"d54e2ac\"><h1 class=\"stk-block-heading__text\">Da\u00f1os malintencionados de terceros<\/h1><\/div>\n\n\n\n<div class=\"wp-block-stackable-text stk-block-text stk-block stk-cb0218d\" data-block-id=\"cb0218d\"><p class=\"stk-block-text__text\">Protege tus bienes con nuestro Seguro contra Da\u00f1os Malintencionados de Terceros.<\/p><\/div>\n\n\n\n<div class=\"wp-block-stackable-text stk-block-text stk-block stk-42207c7\" data-block-id=\"42207c7\"><p class=\"stk-block-text__text has-text-align-justify\">En misseguros entendemos que, desafortunadamente, no todos los riesgos provienen de eventos accidentales. Por eso, te ofrecemos una soluci\u00f3n s\u00f3lida y confiable para protegerte contra da\u00f1os malintencionados ocasionados por terceros.<\/p><\/div>\n\n\n\n<div class=\"wp-block-stackable-text stk-block-text stk-block stk-7da96df\" data-block-id=\"7da96df\"><p class=\"stk-block-text__text has-text-align-justify\">Con nuestro seguro, estar\u00e1s cubierto ante actos vand\u00e1licos, sabotajes u otros da\u00f1os deliberados que puedan afectar tus propiedades. Ya sea en tu hogar, tu negocio o cualquier otro espacio importante para ti, nuestro seguro te brinda la tranquilidad de saber que est\u00e1s protegido ante estas situaciones imprevistas.<\/p><\/div>\n\n\n\n<div class=\"wp-block-stackable-text stk-block-text stk-block stk-03211a2\" data-block-id=\"03211a2\"><p class=\"stk-block-text__text has-text-align-justify\">No dejes al azar la seguridad de tus pertenencias. Con misseguros, mant\u00e9n la protecci\u00f3n que necesitas contra los da\u00f1os malintencionados de terceros y protege tu tranquilidad y tu patrimonio.<\/p><\/div>\n<\/div>\n<\/div><\/div>\n\n\n\n<div class=\"wp-block-uagb-counter uagb-block-13b0c554 wp-block-uagb-counter--number\"><span class=\"wp-block-uagb-counter__icon\"><svg xmlns=\"https:\/\/www.w3.org\/2000\/svg\" viewBox=\"0 0 576 512\"><path d=\"M511.8 287.6L512.5 447.7C512.5 450.5 512.3 453.1 512 455.8V472C512 494.1 494.1 512 472 512H456C454.9 512 453.8 511.1 452.7 511.9C451.3 511.1 449.9 512 448.5 512H392C369.9 512 352 494.1 352 472V384C352 366.3 337.7 352 320 352H256C238.3 352 224 366.3 224 384V472C224 494.1 206.1 512 184 512H128.1C126.6 512 125.1 511.9 123.6 511.8C122.4 511.9 121.2 512 120 512H104C81.91 512 64 494.1 64 472V360C64 359.1 64.03 358.1 64.09 357.2V287.6H32.05C14.02 287.6 0 273.5 0 255.5C0 246.5 3.004 238.5 10.01 231.5L266.4 8.016C273.4 1.002 281.4 0 288.4 0C295.4 0 303.4 2.004 309.5 7.014L416 100.7V64C416 46.33 430.3 32 448 32H480C497.7 32 512 46.33 512 64V185L564.8 231.5C572.8 238.5 576.9 246.5 575.8 255.5C575.8 273.5 560.8 287.6 543.8 287.6L511.8 287.6z\"><\/path><\/svg><\/span><div class=\"wp-block-uagb-counter__number\"><span class=\"uagb-counter-block-prefix\">+<\/span><span class=\"uagb-counter-block-number\" data-duration=\"1.5\" data-to-value=\"500\" data-from-value=\"0\" data-delimiter=\",\"><\/span><\/div><div class=\"wp-block-uagb-counter__title\">Personas nos confiaron su tranquilidad<\/div><\/div>\n\n\n\n<div class=\"wp-block-stackable-button-group stk-block-button-group stk-block stk-4614863\" data-block-id=\"4614863\"><style>.stk-4614863{border-top-left-radius:50px !important;border-top-right-radius:50px !important;border-bottom-right-radius:50px !important;border-bottom-left-radius:50px !important;overflow:hidden !important;margin-bottom:0px !important}.stk-4614863 .stk-button-group{flex-wrap:wrap !important}.stk-4614863 .stk-block-button,.stk-4614863 .stk-block-icon-button{flex:1 !important}<\/style><div class=\"stk-row stk-inner-blocks stk-block-content stk-button-group\">\n<div class=\"wp-block-stackable-button stk-block-button stk-block stk-37f5a5f\" data-block-id=\"37f5a5f\"><style>.stk-37f5a5f{border-top-left-radius:50px !important;border-top-right-radius:50px !important;border-bottom-right-radius:50px !important;border-bottom-left-radius:50px !important;overflow:hidden !important}.stk-37f5a5f .stk-button{background:var(u002du002dtheme-palette-color-3,#FED506) !important;border-top-left-radius:50px !important;border-top-right-radius:50px !important;border-bottom-right-radius:50px !important;border-bottom-left-radius:50px !important}.stk-37f5a5f .stk-button__inner-text{font-size:37px !important;color:var(u002du002dtheme-palette-color-6,#000000) !important;font-weight:bold !important;font-style:normal !important}@media screen and (max-width:999px){.stk-37f5a5f .stk-button__inner-text{font-size:37px !important}}<\/style><a class=\"stk-link stk-button stk--hover-effect-lift-scale-more\" href=\"https:\/\/wa.link\/txuolh\" target=\"_blank\" rel=\"noreferrer noopener\"><span class=\"has-text-color stk-button__inner-text\">Contacta a un asesor para recibir m\u00e1s informaci\u00f3n<\/span><\/a><\/div>\n<\/div><\/div>\n","protected":false},"excerpt":{"rendered":"<p>Da\u00f1os malintencionados de terceros Protege tus bienes con nuestro Seguro contra Da\u00f1os Malintencionados de Terceros. En misseguros entendemos que, desafortunadamente, no todos los riesgos provienen de eventos accidentales. Por eso, te ofrecemos una soluci\u00f3n s\u00f3lida y confiable para protegerte contra da\u00f1os malintencionados ocasionados por terceros. Con nuestro seguro, estar\u00e1s cubierto ante actos vand\u00e1licos, sabotajes u [&hellip;]<\/p>\n","protected":false},"author":5,"featured_media":0,"parent":777,"menu_order":0,"comment_status":"closed","ping_status":"closed","template":"","meta":{"_eb_attr":"","_uag_custom_page_level_css":"","footnotes":""},"class_list":["post-1450","page","type-page","status-publish","hentry"],"nelio_popups_active_popup":"","blocksy_meta":[],"yoast_head":"<!-- This site is optimized with the Yoast SEO plugin v26.8 - https:\/\/yoast.com\/product\/yoast-seo-wordpress\/ -->\n<title>Seguro contra da\u00f1os malintencionados de terceros - Misseguros<\/title>\n<meta name=\"robots\" content=\"index, follow, max-snippet:-1, max-image-preview:large, max-video-preview:-1\" \/>\n<link rel=\"canonical\" href=\"https:\/\/misseguros.com.co\/index.php\/productos\/danos-terceros\/\" \/>\n<meta property=\"og:locale\" content=\"es_ES\" \/>\n<meta property=\"og:type\" content=\"article\" \/>\n<meta property=\"og:title\" content=\"Seguro contra da\u00f1os malintencionados de terceros - Misseguros\" \/>\n<meta property=\"og:description\" content=\"Da\u00f1os malintencionados de terceros Protege tus bienes con nuestro Seguro contra Da\u00f1os Malintencionados de Terceros. En misseguros entendemos que, desafortunadamente, no todos los riesgos provienen de eventos accidentales. Por eso, te ofrecemos una soluci\u00f3n s\u00f3lida y confiable para protegerte contra da\u00f1os malintencionados ocasionados por terceros. Con nuestro seguro, estar\u00e1s cubierto ante actos vand\u00e1licos, sabotajes u [&hellip;]\" \/>\n<meta property=\"og:url\" content=\"https:\/\/misseguros.com.co\/index.php\/productos\/danos-terceros\/\" \/>\n<meta property=\"og:site_name\" content=\"Misseguros\" \/>\n<meta property=\"article:modified_time\" content=\"2024-04-12T17:28:05+00:00\" \/>\n<meta property=\"og:image\" content=\"https:\/\/misseguros.com.co\/wp-content\/uploads\/2024\/04\/Danos-malintensionados-de-terceros-e1712942785728.webp\" \/>\n<meta name=\"twitter:card\" content=\"summary_large_image\" \/>\n<meta name=\"twitter:label1\" content=\"Tiempo de lectura\" \/>\n\t<meta name=\"twitter:data1\" content=\"1 minuto\" \/>\n<script type=\"application\/ld+json\" class=\"yoast-schema-graph\">{\"@context\":\"https:\/\/schema.org\",\"@graph\":[{\"@type\":\"WebPage\",\"@id\":\"https:\/\/misseguros.com.co\/index.php\/productos\/danos-terceros\/\",\"url\":\"https:\/\/misseguros.com.co\/index.php\/productos\/danos-terceros\/\",\"name\":\"Seguro contra da\u00f1os malintencionados de terceros - Misseguros\",\"isPartOf\":{\"@id\":\"https:\/\/misseguros.com.co\/#website\"},\"primaryImageOfPage\":{\"@id\":\"https:\/\/misseguros.com.co\/index.php\/productos\/danos-terceros\/#primaryimage\"},\"image\":{\"@id\":\"https:\/\/misseguros.com.co\/index.php\/productos\/danos-terceros\/#primaryimage\"},\"thumbnailUrl\":\"https:\/\/misseguros.com.co\/wp-content\/uploads\/2024\/04\/Danos-malintensionados-de-terceros-e1712942785728.webp\",\"datePublished\":\"2024-04-02T17:21:15+00:00\",\"dateModified\":\"2024-04-12T17:28:05+00:00\",\"breadcrumb\":{\"@id\":\"https:\/\/misseguros.com.co\/index.php\/productos\/danos-terceros\/#breadcrumb\"},\"inLanguage\":\"es\",\"potentialAction\":[{\"@type\":\"ReadAction\",\"target\":[\"https:\/\/misseguros.com.co\/index.php\/productos\/danos-terceros\/\"]}]},{\"@type\":\"ImageObject\",\"inLanguage\":\"es\",\"@id\":\"https:\/\/misseguros.com.co\/index.php\/productos\/danos-terceros\/#primaryimage\",\"url\":\"https:\/\/misseguros.com.co\/wp-content\/uploads\/2024\/04\/Danos-malintensionados-de-terceros-e1712942785728.webp\",\"contentUrl\":\"https:\/\/misseguros.com.co\/wp-content\/uploads\/2024\/04\/Danos-malintensionados-de-terceros-e1712942785728.webp\",\"width\":1080,\"height\":728,\"caption\":\"Da\u00f1os malintencionados\"},{\"@type\":\"BreadcrumbList\",\"@id\":\"https:\/\/misseguros.com.co\/index.php\/productos\/danos-terceros\/#breadcrumb\",\"itemListElement\":[{\"@type\":\"ListItem\",\"position\":1,\"name\":\"Portada\",\"item\":\"https:\/\/misseguros.com.co\/\"},{\"@type\":\"ListItem\",\"position\":2,\"name\":\"Productos\",\"item\":\"https:\/\/misseguros.com.co\/index.php\/productos\/\"},{\"@type\":\"ListItem\",\"position\":3,\"name\":\"Seguro contra da\u00f1os malintencionados de terceros\"}]},{\"@type\":\"WebSite\",\"@id\":\"https:\/\/misseguros.com.co\/#website\",\"url\":\"https:\/\/misseguros.com.co\/\",\"name\":\"Rescar Developers\",\"description\":\"Descubre en misseguros la protecci\u00f3n que necesitas. Expertos en seguros para tu tranquilidad. Encuentra soluciones personalizadas para tus necesidades. \u00a1Con misseguros, protege lo que m\u00e1s importa!\",\"publisher\":{\"@id\":\"https:\/\/misseguros.com.co\/#organization\"},\"potentialAction\":[{\"@type\":\"SearchAction\",\"target\":{\"@type\":\"EntryPoint\",\"urlTemplate\":\"https:\/\/misseguros.com.co\/?s={search_term_string}\"},\"query-input\":{\"@type\":\"PropertyValueSpecification\",\"valueRequired\":true,\"valueName\":\"search_term_string\"}}],\"inLanguage\":\"es\"},{\"@type\":\"Organization\",\"@id\":\"https:\/\/misseguros.com.co\/#organization\",\"name\":\"Rescar Developers\",\"url\":\"https:\/\/misseguros.com.co\/\",\"logo\":{\"@type\":\"ImageObject\",\"inLanguage\":\"es\",\"@id\":\"https:\/\/misseguros.com.co\/#\/schema\/logo\/image\/\",\"url\":\"https:\/\/misseguros.com.co\/wp-content\/uploads\/2024\/02\/Logo-misseguros.webp\",\"contentUrl\":\"https:\/\/misseguros.com.co\/wp-content\/uploads\/2024\/02\/Logo-misseguros.webp\",\"width\":1200,\"height\":500,\"caption\":\"Rescar Developers\"},\"image\":{\"@id\":\"https:\/\/misseguros.com.co\/#\/schema\/logo\/image\/\"}}]}<\/script>\n<!-- \/ Yoast SEO plugin. -->","yoast_head_json":{"title":"Seguro contra da\u00f1os malintencionados de terceros - Misseguros","robots":{"index":"index","follow":"follow","max-snippet":"max-snippet:-1","max-image-preview":"max-image-preview:large","max-video-preview":"max-video-preview:-1"},"canonical":"https:\/\/misseguros.com.co\/index.php\/productos\/danos-terceros\/","og_locale":"es_ES","og_type":"article","og_title":"Seguro contra da\u00f1os malintencionados de terceros - Misseguros","og_description":"Da\u00f1os malintencionados de terceros Protege tus bienes con nuestro Seguro contra Da\u00f1os Malintencionados de Terceros. En misseguros entendemos que, desafortunadamente, no todos los riesgos provienen de eventos accidentales. Por eso, te ofrecemos una soluci\u00f3n s\u00f3lida y confiable para protegerte contra da\u00f1os malintencionados ocasionados por terceros. Con nuestro seguro, estar\u00e1s cubierto ante actos vand\u00e1licos, sabotajes u [&hellip;]","og_url":"https:\/\/misseguros.com.co\/index.php\/productos\/danos-terceros\/","og_site_name":"Misseguros","article_modified_time":"2024-04-12T17:28:05+00:00","og_image":[{"url":"https:\/\/misseguros.com.co\/wp-content\/uploads\/2024\/04\/Danos-malintensionados-de-terceros-e1712942785728.webp","type":"","width":"","height":""}],"twitter_card":"summary_large_image","twitter_misc":{"Tiempo de lectura":"1 minuto"},"schema":{"@context":"https:\/\/schema.org","@graph":[{"@type":"WebPage","@id":"https:\/\/misseguros.com.co\/index.php\/productos\/danos-terceros\/","url":"https:\/\/misseguros.com.co\/index.php\/productos\/danos-terceros\/","name":"Seguro contra da\u00f1os malintencionados de terceros - Misseguros","isPartOf":{"@id":"https:\/\/misseguros.com.co\/#website"},"primaryImageOfPage":{"@id":"https:\/\/misseguros.com.co\/index.php\/productos\/danos-terceros\/#primaryimage"},"image":{"@id":"https:\/\/misseguros.com.co\/index.php\/productos\/danos-terceros\/#primaryimage"},"thumbnailUrl":"https:\/\/misseguros.com.co\/wp-content\/uploads\/2024\/04\/Danos-malintensionados-de-terceros-e1712942785728.webp","datePublished":"2024-04-02T17:21:15+00:00","dateModified":"2024-04-12T17:28:05+00:00","breadcrumb":{"@id":"https:\/\/misseguros.com.co\/index.php\/productos\/danos-terceros\/#breadcrumb"},"inLanguage":"es","potentialAction":[{"@type":"ReadAction","target":["https:\/\/misseguros.com.co\/index.php\/productos\/danos-terceros\/"]}]},{"@type":"ImageObject","inLanguage":"es","@id":"https:\/\/misseguros.com.co\/index.php\/productos\/danos-terceros\/#primaryimage","url":"https:\/\/misseguros.com.co\/wp-content\/uploads\/2024\/04\/Danos-malintensionados-de-terceros-e1712942785728.webp","contentUrl":"https:\/\/misseguros.com.co\/wp-content\/uploads\/2024\/04\/Danos-malintensionados-de-terceros-e1712942785728.webp","width":1080,"height":728,"caption":"Da\u00f1os malintencionados"},{"@type":"BreadcrumbList","@id":"https:\/\/misseguros.com.co\/index.php\/productos\/danos-terceros\/#breadcrumb","itemListElement":[{"@type":"ListItem","position":1,"name":"Portada","item":"https:\/\/misseguros.com.co\/"},{"@type":"ListItem","position":2,"name":"Productos","item":"https:\/\/misseguros.com.co\/index.php\/productos\/"},{"@type":"ListItem","position":3,"name":"Seguro contra da\u00f1os malintencionados de terceros"}]},{"@type":"WebSite","@id":"https:\/\/misseguros.com.co\/#website","url":"https:\/\/misseguros.com.co\/","name":"Rescar Developers","description":"Descubre en misseguros la protecci\u00f3n que necesitas. Expertos en seguros para tu tranquilidad. Encuentra soluciones personalizadas para tus necesidades. \u00a1Con misseguros, protege lo que m\u00e1s importa!","publisher":{"@id":"https:\/\/misseguros.com.co\/#organization"},"potentialAction":[{"@type":"SearchAction","target":{"@type":"EntryPoint","urlTemplate":"https:\/\/misseguros.com.co\/?s={search_term_string}"},"query-input":{"@type":"PropertyValueSpecification","valueRequired":true,"valueName":"search_term_string"}}],"inLanguage":"es"},{"@type":"Organization","@id":"https:\/\/misseguros.com.co\/#organization","name":"Rescar Developers","url":"https:\/\/misseguros.com.co\/","logo":{"@type":"ImageObject","inLanguage":"es","@id":"https:\/\/misseguros.com.co\/#\/schema\/logo\/image\/","url":"https:\/\/misseguros.com.co\/wp-content\/uploads\/2024\/02\/Logo-misseguros.webp","contentUrl":"https:\/\/misseguros.com.co\/wp-content\/uploads\/2024\/02\/Logo-misseguros.webp","width":1200,"height":500,"caption":"Rescar Developers"},"image":{"@id":"https:\/\/misseguros.com.co\/#\/schema\/logo\/image\/"}}]}},"uagb_featured_image_src":{"full":false,"thumbnail":false,"medium":false,"medium_large":false,"large":false,"1536x1536":false,"2048x2048":false},"uagb_author_info":{"display_name":"Juan esteban","author_link":"https:\/\/misseguros.com.co\/index.php\/author\/juan-esteban\/"},"uagb_comment_info":0,"uagb_excerpt":"Da\u00f1os malintencionados de terceros Protege tus bienes con nuestro Seguro contra Da\u00f1os Malintencionados de Terceros. En misseguros entendemos que, desafortunadamente, no todos los riesgos provienen de eventos accidentales. Por eso, te ofrecemos una soluci\u00f3n s\u00f3lida y confiable para protegerte contra da\u00f1os malintencionados ocasionados por terceros. Con nuestro seguro, estar\u00e1s cubierto ante actos vand\u00e1licos, sabotajes u&hellip;","_links":{"self":[{"href":"https:\/\/misseguros.com.co\/index.php\/wp-json\/wp\/v2\/pages\/1450","targetHints":{"allow":["GET"]}}],"collection":[{"href":"https:\/\/misseguros.com.co\/index.php\/wp-json\/wp\/v2\/pages"}],"about":[{"href":"https:\/\/misseguros.com.co\/index.php\/wp-json\/wp\/v2\/types\/page"}],"author":[{"embeddable":true,"href":"https:\/\/misseguros.com.co\/index.php\/wp-json\/wp\/v2\/users\/5"}],"replies":[{"embeddable":true,"href":"https:\/\/misseguros.com.co\/index.php\/wp-json\/wp\/v2\/comments?post=1450"}],"version-history":[{"count":7,"href":"https:\/\/misseguros.com.co\/index.php\/wp-json\/wp\/v2\/pages\/1450\/revisions"}],"predecessor-version":[{"id":1847,"href":"https:\/\/misseguros.com.co\/index.php\/wp-json\/wp\/v2\/pages\/1450\/revisions\/1847"}],"up":[{"embeddable":true,"href":"https:\/\/misseguros.com.co\/index.php\/wp-json\/wp\/v2\/pages\/777"}],"wp:attachment":[{"href":"https:\/\/misseguros.com.co\/index.php\/wp-json\/wp\/v2\/media?parent=1450"}],"curies":[{"name":"wp","href":"https:\/\/api.w.org\/{rel}","templated":true}]}}