{"id":1473,"date":"2024-04-02T21:11:41","date_gmt":"2024-04-03T02:11:41","guid":{"rendered":"https:\/\/misseguros.com.co\/?page_id=1473"},"modified":"2024-04-12T16:24:29","modified_gmt":"2024-04-12T21:24:29","slug":"arl","status":"publish","type":"page","link":"https:\/\/misseguros.com.co\/index.php\/productos\/arl\/","title":{"rendered":"ARL"},"content":{"rendered":"\n<div class=\"wp-block-uagb-container uagb-block-e3e18ebb alignfull uagb-is-root-container\"><div class=\"uagb-container-inner-blocks-wrap\">\n<div class=\"wp-block-uagb-container uagb-block-bd89fea7\">\n<div class=\"wp-block-stackable-image stk-block-image stk-block stk-86df839\" data-block-id=\"86df839\"><style>.stk-86df839 .stk-img-wrapper{width:100% !important;height:100% !important}.stk-86df839 .stk-img-wrapper img{border-radius:30px !important}.stk-86df839 .stk-img-wrapper:hover::after{background-color:var(--theme-palette-color-1,#023466) !important}.stk-86df839 .stk-img-wrapper::before{--stk-gradient-overlay:0.3 !important}<\/style><figure><span class=\"stk-img-wrapper stk-image--shape-stretch\"><img loading=\"lazy\" decoding=\"async\" class=\"stk-img wp-image-1874\" src=\"https:\/\/misseguros.com.co\/wp-content\/uploads\/2024\/04\/ARL-e1712956945137.webp\" width=\"1080\" height=\"851\" alt=\"ARL\" srcset=\"https:\/\/misseguros.com.co\/wp-content\/uploads\/2024\/04\/ARL-e1712956945137.webp 1080w, https:\/\/misseguros.com.co\/wp-content\/uploads\/2024\/04\/ARL-e1712956945137-300x236.webp 300w, https:\/\/misseguros.com.co\/wp-content\/uploads\/2024\/04\/ARL-e1712956945137-1024x807.webp 1024w, https:\/\/misseguros.com.co\/wp-content\/uploads\/2024\/04\/ARL-e1712956945137-768x605.webp 768w\" sizes=\"auto, (max-width: 1080px) 100vw, 1080px\" \/><\/span><\/figure><\/div>\n<\/div>\n\n\n\n<div class=\"wp-block-uagb-container uagb-block-2e3135ed\">\n<div class=\"wp-block-stackable-heading stk-block-heading stk-block-heading--v2 stk-block stk-4317493\" id=\"arl\" data-block-id=\"4317493\"><h1 class=\"stk-block-heading__text\">ARL<\/h1><\/div>\n\n\n\n<div class=\"wp-block-stackable-text stk-block-text stk-block stk-71f87b8\" data-block-id=\"71f87b8\"><p class=\"stk-block-text__text has-text-align-justify\">El Seguro de Riesgos Laborales (ARL) es un componente fundamental en la protecci\u00f3n de los trabajadores y las empresas en Colombia. Su objetivo principal es cubrir los riesgos laborales a los que est\u00e1n expuestos los empleados durante el ejercicio de sus funciones. A continuaci\u00f3n, se detallan algunos aspectos importantes sobre el ARL:<\/p><\/div>\n\n\n\n<div class=\"wp-block-stackable-text stk-block-text stk-block stk-c103116\" data-block-id=\"c103116\"><p class=\"stk-block-text__text has-text-align-justify\">Cobertura de accidentes laborales: El ARL cubre los accidentes que ocurren durante el desarrollo de actividades laborales, ya sea en las instalaciones de la empresa o fuera de estas, siempre y cuando est\u00e9n relacionados con el trabajo.<\/p><\/div>\n<\/div>\n<\/div><\/div>\n\n\n\n<div class=\"wp-block-uagb-container uagb-block-f8ba3ae7 alignfull uagb-is-root-container\"><div class=\"uagb-container-inner-blocks-wrap\">\n<div class=\"wp-block-stackable-text stk-block-text stk-block stk-c901613\" data-block-id=\"c901613\"><p class=\"stk-block-text__text has-text-align-justify\">Enfermedades laborales: Adem\u00e1s de los accidentes, el ARL tambi\u00e9n cubre las enfermedades que est\u00e1n directamente relacionadas con el desempe\u00f1o de las funciones laborales. Esto incluye enfermedades profesionales y aquellas que se consideren como consecuencia del trabajo realizado.<\/p><\/div>\n\n\n\n<div class=\"wp-block-stackable-text stk-block-text stk-block stk-50db6ec\" data-block-id=\"50db6ec\"><p class=\"stk-block-text__text has-text-align-justify\">Rehabilitaci\u00f3n y atenci\u00f3n m\u00e9dica: El ARL no solo cubre los gastos m\u00e9dicos y de hospitalizaci\u00f3n derivados de accidentes laborales o enfermedades profesionales, sino que tambi\u00e9n ofrece servicios de rehabilitaci\u00f3n f\u00edsica y psicol\u00f3gica para que el trabajador pueda reincorporarse plenamente a sus funciones.<\/p><\/div>\n\n\n\n<div class=\"wp-block-stackable-text stk-block-text stk-block stk-d5f78f3\" data-block-id=\"d5f78f3\"><p class=\"stk-block-text__text has-text-align-justify\">Indemnizaci\u00f3n por incapacidad: En caso de que el trabajador sufra una incapacidad permanente parcial o total como resultado de un accidente laboral o una enfermedad profesional, el ARL proporciona una indemnizaci\u00f3n que busca compensar la p\u00e9rdida de capacidad laboral y sus implicaciones.<\/p><\/div>\n\n\n\n<div class=\"wp-block-stackable-text stk-block-text stk-block stk-d1468ed\" data-block-id=\"d1468ed\"><p class=\"stk-block-text__text has-text-align-justify\">Prevenci\u00f3n de riesgos laborales: Adem\u00e1s de brindar cobertura en caso de accidentes y enfermedades, las ARL tambi\u00e9n est\u00e1n encargadas de promover la prevenci\u00f3n de riesgos laborales en las empresas. Esto incluye la implementaci\u00f3n de medidas de seguridad, la formaci\u00f3n en prevenci\u00f3n de riesgos y la evaluaci\u00f3n de las condiciones laborales.<\/p><\/div>\n\n\n\n<div class=\"wp-block-stackable-text stk-block-text stk-block stk-b2e87e1\" data-block-id=\"b2e87e1\"><p class=\"stk-block-text__text has-text-align-justify\">En resumen, el Seguro de Riesgos Laborales (ARL) es una herramienta fundamental para proteger tanto a los trabajadores como a las empresas, garantizando la atenci\u00f3n m\u00e9dica, la rehabilitaci\u00f3n y la compensaci\u00f3n econ\u00f3mica en caso de accidentes laborales o enfermedades profesionales.<\/p><\/div>\n<\/div><\/div>\n\n\n\n<div class=\"wp-block-uagb-counter uagb-block-13b0c554 wp-block-uagb-counter--number\"><span class=\"wp-block-uagb-counter__icon\"><svg xmlns=\"https:\/\/www.w3.org\/2000\/svg\" viewBox=\"0 0 640 512\"><path d=\"M0 488V171.3C0 145.2 15.93 121.6 40.23 111.9L308.1 4.753C315.7 1.702 324.3 1.702 331.9 4.753L599.8 111.9C624.1 121.6 640 145.2 640 171.3V488C640 501.3 629.3 512 616 512H568C554.7 512 544 501.3 544 488V223.1C544 206.3 529.7 191.1 512 191.1H128C110.3 191.1 96 206.3 96 223.1V488C96 501.3 85.25 512 72 512H24C10.75 512 0 501.3 0 488zM152 512C138.7 512 128 501.3 128 488V432H512V488C512 501.3 501.3 512 488 512H152zM128 336H512V400H128V336zM128 224H512V304H128V224z\"><\/path><\/svg><\/span><div class=\"wp-block-uagb-counter__number\"><span class=\"uagb-counter-block-prefix\">+<\/span><span class=\"uagb-counter-block-number\" data-duration=\"1.5\" data-to-value=\"700\" data-from-value=\"0\" data-delimiter=\",\"><\/span><\/div><div class=\"wp-block-uagb-counter__title\">Empresas dejan sus riesgos en nuestras manos<\/div><\/div>\n\n\n\n<div class=\"wp-block-stackable-text stk-block-text stk-block stk-398c895\" data-block-id=\"398c895\"><p class=\"stk-block-text__text has-text-align-justify\">En misseguros, entendemos la importancia del Seguro de Riesgos Laborales (ARL) como una pieza fundamental para proteger tanto a los trabajadores como a las empresas en Colombia. Nuestro compromiso radica en ofrecer soluciones integrales que no solo brinden cobertura en casos de accidentes y enfermedades laborales, sino que tambi\u00e9n promuevan la prevenci\u00f3n y la seguridad en el entorno laboral. Acompa\u00f1ando las empresas en el proceso de seguridad y salud en el trabajo con el fin de garantizar un buen sistema de gesti\u00f3n .Conf\u00eda en misseguros para encontrar la mejor opci\u00f3n de ARL que se ajuste a las necesidades de tu empresa y brinde la protecci\u00f3n necesaria para tus colaboradores.<\/p><\/div>\n\n\n\n<div class=\"wp-block-uagb-container uagb-block-f567686a alignfull uagb-is-root-container\"><div class=\"uagb-container-inner-blocks-wrap\">\n<div class=\"wp-block-uagb-container uagb-block-d4d508ac\">\n<div class=\"wp-block-stackable-columns stk-block-columns stk-block stk-f23a815\" data-block-id=\"f23a815\"><style>.stk-f23a815{border-style:solid !important;border-color:var(--theme-palette-color-2,#66CC99) !important;border-top-width:0px !important;border-right-width:0px !important;border-bottom-width:3px !important;border-left-width:0px !important;margin-bottom:9px !important}<\/style><div class=\"stk-row stk-inner-blocks stk-block-content stk-content-align stk-f23a815-column\">\n<div class=\"wp-block-stackable-column stk-block-column stk-column stk-block stk-517f0ea\" data-v=\"4\" data-block-id=\"517f0ea\"><div class=\"stk-column-wrapper stk-block-column__content stk-container stk-517f0ea-container stk--no-background stk--no-padding\"><div class=\"stk-block-content stk-inner-blocks stk-517f0ea-inner-blocks\">\n<div class=\"wp-block-stackable-heading stk-block-heading stk-block-heading--v2 stk-block stk-2881eaf\" id=\"que-se-entiende-por-accidente-de-trabajo\" data-block-id=\"2881eaf\"><h2 class=\"stk-block-heading__text\">\u00bfQue se entiende por accidente de trabajo?<\/h2><\/div>\n<\/div><\/div><\/div>\n<\/div><\/div>\n\n\n\n<div class=\"wp-block-stackable-columns stk-block-columns stk-block stk-118bb8e\" data-block-id=\"118bb8e\"><style>.stk-118bb8e{margin-bottom:33px !important}<\/style><div class=\"stk-row stk-inner-blocks stk-block-content stk-content-align stk-118bb8e-column\">\n<div class=\"wp-block-stackable-column stk-block-column stk-column stk-block stk-8618fba\" data-v=\"4\" data-block-id=\"8618fba\"><div class=\"stk-column-wrapper stk-block-column__content stk-container stk-8618fba-container stk--no-background stk--no-padding\"><div class=\"stk-block-content stk-inner-blocks stk-8618fba-inner-blocks\">\n<div class=\"wp-block-stackable-text stk-block-text stk-block stk-38fe9eb\" data-block-id=\"38fe9eb\"><p class=\"stk-block-text__text has-text-align-justify\">Es accidente de trabajo todo suceso repentino que sobrevenga por causa o con ocasi\u00f3n del trabajo, y que produzca en el trabajador una lesi\u00f3n org\u00e1nica, una perturbaci\u00f3n funcional o psiqui\u00e1trica, una invalidez o la muerte.<\/p><\/div>\n<\/div><\/div><\/div>\n<\/div><\/div>\n\n\n\n<div class=\"wp-block-stackable-columns stk-block-columns stk-block stk-8646f39\" data-block-id=\"8646f39\"><style>.stk-8646f39{border-style:solid !important;border-color:var(--theme-palette-color-2,#66CC99) !important;border-top-width:0px !important;border-right-width:0px !important;border-bottom-width:3px !important;border-left-width:0px !important;margin-bottom:9px !important}<\/style><div class=\"stk-row stk-inner-blocks stk-block-content stk-content-align stk-8646f39-column\">\n<div class=\"wp-block-stackable-column stk-block-column stk-column stk-block stk-f5775bd\" data-v=\"4\" data-block-id=\"f5775bd\"><div class=\"stk-column-wrapper stk-block-column__content stk-container stk-f5775bd-container stk--no-background stk--no-padding\"><div class=\"stk-block-content stk-inner-blocks stk-f5775bd-inner-blocks\">\n<div class=\"wp-block-stackable-heading stk-block-heading stk-block-heading--v2 stk-block stk-364063e\" id=\"que-se-entiende-por-enfermedad-laboral\" data-block-id=\"364063e\"><h2 class=\"stk-block-heading__text\">\u00bfQue se entiende por Enfermedad laboral?<\/h2><\/div>\n<\/div><\/div><\/div>\n<\/div><\/div>\n\n\n\n<div class=\"wp-block-stackable-columns stk-block-columns stk-block stk-e0fb93f\" data-block-id=\"e0fb93f\"><style>.stk-e0fb93f{margin-bottom:33px !important}<\/style><div class=\"stk-row stk-inner-blocks stk-block-content stk-content-align stk-e0fb93f-column\">\n<div class=\"wp-block-stackable-column stk-block-column stk-column stk-block stk-796670c\" data-v=\"4\" data-block-id=\"796670c\"><div class=\"stk-column-wrapper stk-block-column__content stk-container stk-796670c-container stk--no-background stk--no-padding\"><div class=\"stk-block-content stk-inner-blocks stk-796670c-inner-blocks\">\n<div class=\"wp-block-stackable-text stk-block-text stk-block stk-57daf7e\" data-block-id=\"57daf7e\"><p class=\"stk-block-text__text has-text-align-justify\">Es enfermedad laboral la contra\u00edda como resultado de la exposici\u00f3n a factores de riesgo inherentes a la actividad laboral o del medio en el que el trabajador se ha visto obligado a trabajar. El Gobierno Nacional, determinar\u00e1, en forma peri\u00f3dica, las enfermedades que se consideran como laborales y en los casos en que una enfermedad no figure en la tabla de enfermedades laborales, pero se demuestre la relaci\u00f3n de causalidad con los factores de riesgo ocupacionales ser\u00e1 reconocida como tal<\/p><\/div>\n<\/div><\/div><\/div>\n<\/div><\/div>\n<\/div>\n<\/div><\/div>\n\n\n\n<div class=\"wp-block-stackable-button-group stk-block-button-group stk-block stk-4614863\" data-block-id=\"4614863\"><style>.stk-4614863{border-top-left-radius:50px !important;border-top-right-radius:50px !important;border-bottom-right-radius:50px !important;border-bottom-left-radius:50px !important;overflow:hidden !important;margin-bottom:0px !important}.stk-4614863 .stk-button-group{flex-wrap:wrap !important}.stk-4614863 .stk-block-button,.stk-4614863 .stk-block-icon-button{flex:1 !important}<\/style><div class=\"stk-row stk-inner-blocks stk-block-content stk-button-group\">\n<div class=\"wp-block-stackable-button stk-block-button stk-block stk-37f5a5f\" data-block-id=\"37f5a5f\"><style>.stk-37f5a5f{border-top-left-radius:50px !important;border-top-right-radius:50px !important;border-bottom-right-radius:50px !important;border-bottom-left-radius:50px !important;overflow:hidden !important}.stk-37f5a5f .stk-button{background:var(u002du002dtheme-palette-color-3,#FED506) !important;border-top-left-radius:50px !important;border-top-right-radius:50px !important;border-bottom-right-radius:50px !important;border-bottom-left-radius:50px !important}.stk-37f5a5f .stk-button__inner-text{font-size:37px !important;color:var(u002du002dtheme-palette-color-6,#000000) !important;font-weight:bold !important;font-style:normal !important}@media screen and (max-width:999px){.stk-37f5a5f .stk-button__inner-text{font-size:37px !important}}<\/style><a class=\"stk-link stk-button stk--hover-effect-lift-scale-more\" href=\"https:\/\/wa.link\/txuolh\" target=\"_blank\" rel=\"noreferrer noopener\"><span class=\"has-text-color stk-button__inner-text\">Contacta a un asesor para recibir m\u00e1s informaci\u00f3n<\/span><\/a><\/div>\n<\/div><\/div>\n","protected":false},"excerpt":{"rendered":"<p>ARL El Seguro de Riesgos Laborales (ARL) es un componente fundamental en la protecci\u00f3n de los trabajadores y las empresas en Colombia. Su objetivo principal es cubrir los riesgos laborales a los que est\u00e1n expuestos los empleados durante el ejercicio de sus funciones. A continuaci\u00f3n, se detallan algunos aspectos importantes sobre el ARL: Cobertura de [&hellip;]<\/p>\n","protected":false},"author":4,"featured_media":0,"parent":777,"menu_order":0,"comment_status":"closed","ping_status":"closed","template":"","meta":{"_eb_attr":"","_uag_custom_page_level_css":"","footnotes":""},"class_list":["post-1473","page","type-page","status-publish","hentry"],"nelio_popups_active_popup":"","blocksy_meta":[],"yoast_head":"<!-- This site is optimized with the Yoast SEO plugin v26.8 - https:\/\/yoast.com\/product\/yoast-seo-wordpress\/ -->\n<title>ARL - Misseguros<\/title>\n<meta name=\"robots\" content=\"index, follow, max-snippet:-1, max-image-preview:large, max-video-preview:-1\" \/>\n<link rel=\"canonical\" href=\"https:\/\/misseguros.com.co\/index.php\/productos\/arl\/\" \/>\n<meta property=\"og:locale\" content=\"es_ES\" \/>\n<meta property=\"og:type\" content=\"article\" \/>\n<meta property=\"og:title\" content=\"ARL - Misseguros\" \/>\n<meta property=\"og:description\" content=\"ARL El Seguro de Riesgos Laborales (ARL) es un componente fundamental en la protecci\u00f3n de los trabajadores y las empresas en Colombia. Su objetivo principal es cubrir los riesgos laborales a los que est\u00e1n expuestos los empleados durante el ejercicio de sus funciones. A continuaci\u00f3n, se detallan algunos aspectos importantes sobre el ARL: Cobertura de [&hellip;]\" \/>\n<meta property=\"og:url\" content=\"https:\/\/misseguros.com.co\/index.php\/productos\/arl\/\" \/>\n<meta property=\"og:site_name\" content=\"Misseguros\" \/>\n<meta property=\"article:modified_time\" content=\"2024-04-12T21:24:29+00:00\" \/>\n<meta property=\"og:image\" content=\"https:\/\/misseguros.com.co\/wp-content\/uploads\/2024\/04\/ARL-e1712956945137.webp\" \/>\n<meta name=\"twitter:card\" content=\"summary_large_image\" \/>\n<meta name=\"twitter:label1\" content=\"Tiempo de lectura\" \/>\n\t<meta name=\"twitter:data1\" content=\"3 minutos\" \/>\n<script type=\"application\/ld+json\" class=\"yoast-schema-graph\">{\"@context\":\"https:\/\/schema.org\",\"@graph\":[{\"@type\":\"WebPage\",\"@id\":\"https:\/\/misseguros.com.co\/index.php\/productos\/arl\/\",\"url\":\"https:\/\/misseguros.com.co\/index.php\/productos\/arl\/\",\"name\":\"ARL - Misseguros\",\"isPartOf\":{\"@id\":\"https:\/\/misseguros.com.co\/#website\"},\"primaryImageOfPage\":{\"@id\":\"https:\/\/misseguros.com.co\/index.php\/productos\/arl\/#primaryimage\"},\"image\":{\"@id\":\"https:\/\/misseguros.com.co\/index.php\/productos\/arl\/#primaryimage\"},\"thumbnailUrl\":\"https:\/\/misseguros.com.co\/wp-content\/uploads\/2024\/04\/ARL-e1712956945137.webp\",\"datePublished\":\"2024-04-03T02:11:41+00:00\",\"dateModified\":\"2024-04-12T21:24:29+00:00\",\"breadcrumb\":{\"@id\":\"https:\/\/misseguros.com.co\/index.php\/productos\/arl\/#breadcrumb\"},\"inLanguage\":\"es\",\"potentialAction\":[{\"@type\":\"ReadAction\",\"target\":[\"https:\/\/misseguros.com.co\/index.php\/productos\/arl\/\"]}]},{\"@type\":\"ImageObject\",\"inLanguage\":\"es\",\"@id\":\"https:\/\/misseguros.com.co\/index.php\/productos\/arl\/#primaryimage\",\"url\":\"https:\/\/misseguros.com.co\/wp-content\/uploads\/2024\/04\/ARL-e1712956945137.webp\",\"contentUrl\":\"https:\/\/misseguros.com.co\/wp-content\/uploads\/2024\/04\/ARL-e1712956945137.webp\",\"width\":1080,\"height\":851,\"caption\":\"ARL\"},{\"@type\":\"BreadcrumbList\",\"@id\":\"https:\/\/misseguros.com.co\/index.php\/productos\/arl\/#breadcrumb\",\"itemListElement\":[{\"@type\":\"ListItem\",\"position\":1,\"name\":\"Portada\",\"item\":\"https:\/\/misseguros.com.co\/\"},{\"@type\":\"ListItem\",\"position\":2,\"name\":\"Productos\",\"item\":\"https:\/\/misseguros.com.co\/index.php\/productos\/\"},{\"@type\":\"ListItem\",\"position\":3,\"name\":\"ARL\"}]},{\"@type\":\"WebSite\",\"@id\":\"https:\/\/misseguros.com.co\/#website\",\"url\":\"https:\/\/misseguros.com.co\/\",\"name\":\"Rescar Developers\",\"description\":\"Descubre en misseguros la protecci\u00f3n que necesitas. Expertos en seguros para tu tranquilidad. Encuentra soluciones personalizadas para tus necesidades. \u00a1Con misseguros, protege lo que m\u00e1s importa!\",\"publisher\":{\"@id\":\"https:\/\/misseguros.com.co\/#organization\"},\"potentialAction\":[{\"@type\":\"SearchAction\",\"target\":{\"@type\":\"EntryPoint\",\"urlTemplate\":\"https:\/\/misseguros.com.co\/?s={search_term_string}\"},\"query-input\":{\"@type\":\"PropertyValueSpecification\",\"valueRequired\":true,\"valueName\":\"search_term_string\"}}],\"inLanguage\":\"es\"},{\"@type\":\"Organization\",\"@id\":\"https:\/\/misseguros.com.co\/#organization\",\"name\":\"Rescar Developers\",\"url\":\"https:\/\/misseguros.com.co\/\",\"logo\":{\"@type\":\"ImageObject\",\"inLanguage\":\"es\",\"@id\":\"https:\/\/misseguros.com.co\/#\/schema\/logo\/image\/\",\"url\":\"https:\/\/misseguros.com.co\/wp-content\/uploads\/2024\/02\/Logo-misseguros.webp\",\"contentUrl\":\"https:\/\/misseguros.com.co\/wp-content\/uploads\/2024\/02\/Logo-misseguros.webp\",\"width\":1200,\"height\":500,\"caption\":\"Rescar Developers\"},\"image\":{\"@id\":\"https:\/\/misseguros.com.co\/#\/schema\/logo\/image\/\"}}]}<\/script>\n<!-- \/ Yoast SEO plugin. -->","yoast_head_json":{"title":"ARL - Misseguros","robots":{"index":"index","follow":"follow","max-snippet":"max-snippet:-1","max-image-preview":"max-image-preview:large","max-video-preview":"max-video-preview:-1"},"canonical":"https:\/\/misseguros.com.co\/index.php\/productos\/arl\/","og_locale":"es_ES","og_type":"article","og_title":"ARL - Misseguros","og_description":"ARL El Seguro de Riesgos Laborales (ARL) es un componente fundamental en la protecci\u00f3n de los trabajadores y las empresas en Colombia. Su objetivo principal es cubrir los riesgos laborales a los que est\u00e1n expuestos los empleados durante el ejercicio de sus funciones. A continuaci\u00f3n, se detallan algunos aspectos importantes sobre el ARL: Cobertura de [&hellip;]","og_url":"https:\/\/misseguros.com.co\/index.php\/productos\/arl\/","og_site_name":"Misseguros","article_modified_time":"2024-04-12T21:24:29+00:00","og_image":[{"url":"https:\/\/misseguros.com.co\/wp-content\/uploads\/2024\/04\/ARL-e1712956945137.webp","type":"","width":"","height":""}],"twitter_card":"summary_large_image","twitter_misc":{"Tiempo de lectura":"3 minutos"},"schema":{"@context":"https:\/\/schema.org","@graph":[{"@type":"WebPage","@id":"https:\/\/misseguros.com.co\/index.php\/productos\/arl\/","url":"https:\/\/misseguros.com.co\/index.php\/productos\/arl\/","name":"ARL - Misseguros","isPartOf":{"@id":"https:\/\/misseguros.com.co\/#website"},"primaryImageOfPage":{"@id":"https:\/\/misseguros.com.co\/index.php\/productos\/arl\/#primaryimage"},"image":{"@id":"https:\/\/misseguros.com.co\/index.php\/productos\/arl\/#primaryimage"},"thumbnailUrl":"https:\/\/misseguros.com.co\/wp-content\/uploads\/2024\/04\/ARL-e1712956945137.webp","datePublished":"2024-04-03T02:11:41+00:00","dateModified":"2024-04-12T21:24:29+00:00","breadcrumb":{"@id":"https:\/\/misseguros.com.co\/index.php\/productos\/arl\/#breadcrumb"},"inLanguage":"es","potentialAction":[{"@type":"ReadAction","target":["https:\/\/misseguros.com.co\/index.php\/productos\/arl\/"]}]},{"@type":"ImageObject","inLanguage":"es","@id":"https:\/\/misseguros.com.co\/index.php\/productos\/arl\/#primaryimage","url":"https:\/\/misseguros.com.co\/wp-content\/uploads\/2024\/04\/ARL-e1712956945137.webp","contentUrl":"https:\/\/misseguros.com.co\/wp-content\/uploads\/2024\/04\/ARL-e1712956945137.webp","width":1080,"height":851,"caption":"ARL"},{"@type":"BreadcrumbList","@id":"https:\/\/misseguros.com.co\/index.php\/productos\/arl\/#breadcrumb","itemListElement":[{"@type":"ListItem","position":1,"name":"Portada","item":"https:\/\/misseguros.com.co\/"},{"@type":"ListItem","position":2,"name":"Productos","item":"https:\/\/misseguros.com.co\/index.php\/productos\/"},{"@type":"ListItem","position":3,"name":"ARL"}]},{"@type":"WebSite","@id":"https:\/\/misseguros.com.co\/#website","url":"https:\/\/misseguros.com.co\/","name":"Rescar Developers","description":"Descubre en misseguros la protecci\u00f3n que necesitas. Expertos en seguros para tu tranquilidad. Encuentra soluciones personalizadas para tus necesidades. \u00a1Con misseguros, protege lo que m\u00e1s importa!","publisher":{"@id":"https:\/\/misseguros.com.co\/#organization"},"potentialAction":[{"@type":"SearchAction","target":{"@type":"EntryPoint","urlTemplate":"https:\/\/misseguros.com.co\/?s={search_term_string}"},"query-input":{"@type":"PropertyValueSpecification","valueRequired":true,"valueName":"search_term_string"}}],"inLanguage":"es"},{"@type":"Organization","@id":"https:\/\/misseguros.com.co\/#organization","name":"Rescar Developers","url":"https:\/\/misseguros.com.co\/","logo":{"@type":"ImageObject","inLanguage":"es","@id":"https:\/\/misseguros.com.co\/#\/schema\/logo\/image\/","url":"https:\/\/misseguros.com.co\/wp-content\/uploads\/2024\/02\/Logo-misseguros.webp","contentUrl":"https:\/\/misseguros.com.co\/wp-content\/uploads\/2024\/02\/Logo-misseguros.webp","width":1200,"height":500,"caption":"Rescar Developers"},"image":{"@id":"https:\/\/misseguros.com.co\/#\/schema\/logo\/image\/"}}]}},"uagb_featured_image_src":{"full":false,"thumbnail":false,"medium":false,"medium_large":false,"large":false,"1536x1536":false,"2048x2048":false},"uagb_author_info":{"display_name":"Lina Salazar","author_link":"https:\/\/misseguros.com.co\/index.php\/author\/lina-salazar\/"},"uagb_comment_info":0,"uagb_excerpt":"ARL El Seguro de Riesgos Laborales (ARL) es un componente fundamental en la protecci\u00f3n de los trabajadores y las empresas en Colombia. Su objetivo principal es cubrir los riesgos laborales a los que est\u00e1n expuestos los empleados durante el ejercicio de sus funciones. A continuaci\u00f3n, se detallan algunos aspectos importantes sobre el ARL: Cobertura de&hellip;","_links":{"self":[{"href":"https:\/\/misseguros.com.co\/index.php\/wp-json\/wp\/v2\/pages\/1473","targetHints":{"allow":["GET"]}}],"collection":[{"href":"https:\/\/misseguros.com.co\/index.php\/wp-json\/wp\/v2\/pages"}],"about":[{"href":"https:\/\/misseguros.com.co\/index.php\/wp-json\/wp\/v2\/types\/page"}],"author":[{"embeddable":true,"href":"https:\/\/misseguros.com.co\/index.php\/wp-json\/wp\/v2\/users\/4"}],"replies":[{"embeddable":true,"href":"https:\/\/misseguros.com.co\/index.php\/wp-json\/wp\/v2\/comments?post=1473"}],"version-history":[{"count":7,"href":"https:\/\/misseguros.com.co\/index.php\/wp-json\/wp\/v2\/pages\/1473\/revisions"}],"predecessor-version":[{"id":1878,"href":"https:\/\/misseguros.com.co\/index.php\/wp-json\/wp\/v2\/pages\/1473\/revisions\/1878"}],"up":[{"embeddable":true,"href":"https:\/\/misseguros.com.co\/index.php\/wp-json\/wp\/v2\/pages\/777"}],"wp:attachment":[{"href":"https:\/\/misseguros.com.co\/index.php\/wp-json\/wp\/v2\/media?parent=1473"}],"curies":[{"name":"wp","href":"https:\/\/api.w.org\/{rel}","templated":true}]}}