{"id":1480,"date":"2024-04-02T20:56:11","date_gmt":"2024-04-03T01:56:11","guid":{"rendered":"https:\/\/misseguros.com.co\/?page_id=1480"},"modified":"2024-04-12T12:34:07","modified_gmt":"2024-04-12T17:34:07","slug":"fondo-de-ahorros","status":"publish","type":"page","link":"https:\/\/misseguros.com.co\/index.php\/productos\/fondo-de-ahorros\/","title":{"rendered":"Fondo de ahorros"},"content":{"rendered":"\n<div class=\"wp-block-uagb-container uagb-block-511eea67 alignfull uagb-is-root-container\"><div class=\"uagb-container-inner-blocks-wrap\">\n<div class=\"wp-block-uagb-container uagb-block-e4f04e66\">\n<div class=\"wp-block-stackable-heading stk-block-heading stk-block-heading--v2 stk-block stk-b88e251\" id=\"fondo-de-ahorros\" data-block-id=\"b88e251\"><h1 class=\"stk-block-heading__text\">Fondo de ahorros<\/h1><\/div>\n\n\n\n<div class=\"wp-block-stackable-text stk-block-text stk-block stk-3af90a2\" data-block-id=\"3af90a2\"><p class=\"stk-block-text__text has-text-align-justify\">En misseguros, respaldamos tu vida y protegemos tu libertad y autonom\u00eda. Con nuestro Fondo de Ahorros, te brindamos opciones para que ahorres con nosotros y hagas realidad tus sue\u00f1os mediante la consolidaci\u00f3n de un patrimonio s\u00f3lido.<\/p><\/div>\n<\/div>\n\n\n\n<div class=\"wp-block-uagb-container uagb-block-0254a8cd\">\n<div class=\"wp-block-stackable-image stk-block-image stk-block stk-d9a1007\" data-block-id=\"d9a1007\"><style>.stk-d9a1007 .stk-img-wrapper{width:100% !important;height:100% !important}.stk-d9a1007 .stk-img-wrapper img{border-radius:30px !important}.stk-d9a1007 .stk-img-wrapper:hover::after{background-color:var(--theme-palette-color-1,#023466) !important}.stk-d9a1007 .stk-img-wrapper::before{--stk-gradient-overlay:0.3 !important}<\/style><figure><span class=\"stk-img-wrapper stk-image--shape-stretch\"><img loading=\"lazy\" decoding=\"async\" class=\"stk-img wp-image-1852\" src=\"https:\/\/misseguros.com.co\/wp-content\/uploads\/2024\/04\/Fondo-de-ahorros-e1712943117511.webp\" width=\"1080\" height=\"862\" alt=\"Fondo de ahorros\" srcset=\"https:\/\/misseguros.com.co\/wp-content\/uploads\/2024\/04\/Fondo-de-ahorros-e1712943117511.webp 1080w, https:\/\/misseguros.com.co\/wp-content\/uploads\/2024\/04\/Fondo-de-ahorros-e1712943117511-300x239.webp 300w, https:\/\/misseguros.com.co\/wp-content\/uploads\/2024\/04\/Fondo-de-ahorros-e1712943117511-1024x817.webp 1024w, https:\/\/misseguros.com.co\/wp-content\/uploads\/2024\/04\/Fondo-de-ahorros-e1712943117511-768x613.webp 768w\" sizes=\"auto, (max-width: 1080px) 100vw, 1080px\" \/><\/span><\/figure><\/div>\n<\/div>\n<\/div><\/div>\n\n\n\n<div class=\"wp-block-uagb-container uagb-block-be05b230 alignfull uagb-is-root-container\"><div class=\"uagb-container-inner-blocks-wrap\">\n<div class=\"wp-block-stackable-text stk-block-text stk-block stk-dbb516f\" data-block-id=\"dbb516f\"><p class=\"stk-block-text__text\">Con el fondo de ahorro del Seguro de Vida, adquieres:<\/p><\/div>\n\n\n\n<div class=\"wp-block-stackable-icon-list stk-block-icon-list stk-block stk-8f4ea8e\" data-block-id=\"8f4ea8e\"><svg style=\"display:none\"><defs><g id=\"stk-icon-list__icon-svg-def-8f4ea8e\"><svg xmlns=\"http:\/\/www.w3.org\/2000\/svg\" viewBox=\"0 0 190 190\"><polygon points=\"173.8,28.4 60.4,141.8 15.7,97.2 5.1,107.8 60.4,163 184.4,39 173.8,28.4\"\/><\/svg><\/g><\/defs><\/svg><ul class=\"stk-block-icon-list__ul stk-block-icon-list--column\">\n<li class=\"wp-block-stackable-icon-list-item stk-block-icon-list-item stk-block stk-7d499b9\" data-block-id=\"7d499b9\"><div class=\"stk-block-icon-list-item__content\"><span class=\"stk--svg-wrapper\"><div class=\"stk--inner-svg\"><svg aria-hidden=\"true\" width=\"32\" height=\"32\"><use xlink:href=\"#stk-icon-list__icon-svg-def-8f4ea8e\"><\/use><\/svg><\/div><\/span><span class=\"stk-block-icon-list-item__text\">Posibilidad de ahorro continuo de bajas cuant\u00edas.<\/span><\/div><\/li>\n\n\n\n<li class=\"wp-block-stackable-icon-list-item stk-block-icon-list-item stk-block stk-137d053\" data-block-id=\"137d053\"><div class=\"stk-block-icon-list-item__content\"><span class=\"stk--svg-wrapper\"><div class=\"stk--inner-svg\"><svg aria-hidden=\"true\" width=\"32\" height=\"32\"><use xlink:href=\"#stk-icon-list__icon-svg-def-8f4ea8e\"><\/use><\/svg><\/div><\/span><span class=\"stk-block-icon-list-item__text\">Capitalizaci\u00f3n diaria para maximizar tus ganancias.<\/span><\/div><\/li>\n\n\n\n<li class=\"wp-block-stackable-icon-list-item stk-block-icon-list-item stk-block stk-ea44d88\" data-block-id=\"ea44d88\"><div class=\"stk-block-icon-list-item__content\"><span class=\"stk--svg-wrapper\"><div class=\"stk--inner-svg\"><svg aria-hidden=\"true\" width=\"32\" height=\"32\"><use xlink:href=\"#stk-icon-list__icon-svg-def-8f4ea8e\"><\/use><\/svg><\/div><\/span><span class=\"stk-block-icon-list-item__text\">Diversificaci\u00f3n del riesgo a trav\u00e9s de un portafolio que incluye diferentes instrumentos de renta fija, como CDT, bonos emitidos por empresas y t\u00edtulos del Gobierno, entre otros.<\/span><\/div><\/li>\n\n\n\n<li class=\"wp-block-stackable-icon-list-item stk-block-icon-list-item stk-block stk-34a1cbc\" data-block-id=\"34a1cbc\"><div class=\"stk-block-icon-list-item__content\"><span class=\"stk--svg-wrapper\"><div class=\"stk--inner-svg\"><svg aria-hidden=\"true\" width=\"32\" height=\"32\"><use xlink:href=\"#stk-icon-list__icon-svg-def-8f4ea8e\"><\/use><\/svg><\/div><\/span><span class=\"stk-block-icon-list-item__text\">Flexibilidad con retiros parciales sin penalizaci\u00f3n, para que puedas acceder a tu dinero cuando lo necesites.<\/span><\/div><\/li>\n<\/ul><\/div>\n\n\n\n<div class=\"wp-block-stackable-text stk-block-text stk-block stk-0e83b71\" data-block-id=\"0e83b71\"><p class=\"stk-block-text__text has-text-align-justify\">Conf\u00eda en nosotros para asegurar tu futuro financiero y alcanzar tus metas de ahorro con tranquilidad y seguridad.<\/p><\/div>\n<\/div><\/div>\n\n\n\n<div data-aos= \"zoom-in\" data-aos-duration=\"400\" data-aos-delay=\"0\" data-aos-easing=\"ease\" data-aos-once=\"true\" class=\"wp-block-uagb-counter uagb-block-13b0c554 wp-block-uagb-counter--number\"><span class=\"wp-block-uagb-counter__icon\"><svg xmlns=\"https:\/\/www.w3.org\/2000\/svg\" viewBox=\"0 0 576 512\"><path d=\"M272 0C298.5 0 320 21.49 320 48V367.8C281.8 389.2 256 430 256 476.9C256 489.8 259.6 501.8 265.9 512H48C21.49 512 0 490.5 0 464V384H144C152.8 384 160 376.8 160 368C160 359.2 152.8 352 144 352H0V288H144C152.8 288 160 280.8 160 272C160 263.2 152.8 256 144 256H0V48C0 21.49 21.49 0 48 0H272zM152 64C143.2 64 136 71.16 136 80V104H112C103.2 104 96 111.2 96 120V136C96 144.8 103.2 152 112 152H136V176C136 184.8 143.2 192 152 192H168C176.8 192 184 184.8 184 176V152H208C216.8 152 224 144.8 224 136V120C224 111.2 216.8 104 208 104H184V80C184 71.16 176.8 64 168 64H152zM512 272C512 316.2 476.2 352 432 352C387.8 352 352 316.2 352 272C352 227.8 387.8 192 432 192C476.2 192 512 227.8 512 272zM288 477.1C288 425.7 329.7 384 381.1 384H482.9C534.3 384 576 425.7 576 477.1C576 496.4 560.4 512 541.1 512H322.9C303.6 512 288 496.4 288 477.1V477.1z\"><\/path><\/svg><\/span><div class=\"wp-block-uagb-counter__number\"><span class=\"uagb-counter-block-prefix\">+<\/span><span class=\"uagb-counter-block-number\" data-duration=\"1.5\" data-to-value=\"675\" data-from-value=\"0\" data-delimiter=\",\"><\/span><\/div><div class=\"wp-block-uagb-counter__title\">Personas nos su salud<\/div><\/div>\n\n\n\n<div data-aos= \"fade-down\" data-aos-duration=\"400\" data-aos-delay=\"0\" data-aos-easing=\"ease\" data-aos-once=\"true\" class=\"wp-block-uagb-container uagb-block-76ad001f alignwide uagb-is-root-container\">\n<div class=\"wp-block-uagb-container uagb-block-77c046d0\">\n<div class=\"wp-block-stackable-columns stk-block-columns stk-block stk-9f268be\" id=\"plazos-y-terminos\" data-block-id=\"9f268be\"><style>.stk-9f268be{border-style:solid !important;border-color:var(--theme-palette-color-2,#66CC99) !important;border-top-width:0px !important;border-right-width:0px !important;border-bottom-width:3px !important;border-left-width:0px !important;margin-bottom:9px !important}<\/style><div class=\"stk-row stk-inner-blocks stk-block-content stk-content-align stk-9f268be-column\">\n<div class=\"wp-block-stackable-column stk-block-column stk-column stk-block stk-788bf03\" data-v=\"4\" data-block-id=\"788bf03\"><div class=\"stk-column-wrapper stk-block-column__content stk-container stk-788bf03-container stk--no-background stk--no-padding\"><div class=\"stk-block-content stk-inner-blocks stk-788bf03-inner-blocks\">\n<div class=\"wp-block-stackable-heading stk-block-heading stk-block-heading--v2 stk-block stk-f78ea22\" id=\"importante\" data-block-id=\"f78ea22\"><h2 class=\"stk-block-heading__text\">Importante:<\/h2><\/div>\n<\/div><\/div><\/div>\n<\/div><\/div>\n\n\n\n<div data-aos= \"fade-down\" data-aos-duration=\"400\" data-aos-delay=\"0\" data-aos-easing=\"ease\" data-aos-once=\"true\" class=\"wp-block-uagb-container uagb-block-76e1e161 alignwide uagb-is-root-container\">\n<div class=\"wp-block-stackable-text stk-block-text stk-block stk-11c3980\" data-block-id=\"11c3980\"><style>.stk-11c3980{margin-bottom:5px !important}<\/style><p class=\"stk-block-text__text\">La rentabilidad del fondo de ahorros de misseguros depender\u00e1 del aliado con que elijas realizar tu plan de ahorros.<\/p><\/div>\n\n\n\n<div class=\"wp-block-stackable-text stk-block-text stk-block stk-e0b99f4\" data-block-id=\"e0b99f4\"><p class=\"stk-block-text__text\">Contacta a tu asesor misseguros para que te brinde toda la informaci\u00f3n<\/p><\/div>\n<\/div>\n<\/div>\n\n\n\n<div class=\"wp-block-uagb-container uag-hide-mob uagb-block-7f29c4ee\"><\/div>\n<\/div>\n\n\n\n<div class=\"wp-block-stackable-button-group stk-block-button-group stk-block stk-4614863\" data-block-id=\"4614863\"><style>.stk-4614863{border-top-left-radius:50px !important;border-top-right-radius:50px !important;border-bottom-right-radius:50px !important;border-bottom-left-radius:50px !important;overflow:hidden !important;margin-bottom:0px !important}.stk-4614863 .stk-button-group{flex-wrap:wrap !important}.stk-4614863 .stk-block-button,.stk-4614863 .stk-block-icon-button{flex:1 !important}<\/style><div class=\"stk-row stk-inner-blocks stk-block-content stk-button-group\">\n<div class=\"wp-block-stackable-button stk-block-button stk-block stk-37f5a5f\" data-block-id=\"37f5a5f\"><style>.stk-37f5a5f{border-top-left-radius:50px !important;border-top-right-radius:50px !important;border-bottom-right-radius:50px !important;border-bottom-left-radius:50px !important;overflow:hidden !important}.stk-37f5a5f .stk-button{background:var(u002du002dtheme-palette-color-3,#FED506) !important;border-top-left-radius:50px !important;border-top-right-radius:50px !important;border-bottom-right-radius:50px !important;border-bottom-left-radius:50px !important}.stk-37f5a5f .stk-button__inner-text{font-size:37px !important;color:var(u002du002dtheme-palette-color-6,#000000) !important;font-weight:bold !important;font-style:normal !important}@media screen and (max-width:999px){.stk-37f5a5f .stk-button__inner-text{font-size:37px !important}}<\/style><a class=\"stk-link stk-button stk--hover-effect-lift-scale-more\" href=\"https:\/\/wa.link\/txuolh\" target=\"_blank\" rel=\"noreferrer noopener\"><span class=\"has-text-color stk-button__inner-text\">Contacta a un asesor para recibir m\u00e1s informaci\u00f3n<\/span><\/a><\/div>\n<\/div><\/div>\n","protected":false},"excerpt":{"rendered":"<p>Fondo de ahorros En misseguros, respaldamos tu vida y protegemos tu libertad y autonom\u00eda. Con nuestro Fondo de Ahorros, te brindamos opciones para que ahorres con nosotros y hagas realidad tus sue\u00f1os mediante la consolidaci\u00f3n de un patrimonio s\u00f3lido. Con el fondo de ahorro del Seguro de Vida, adquieres: Conf\u00eda en nosotros para asegurar tu [&hellip;]<\/p>\n","protected":false},"author":4,"featured_media":0,"parent":777,"menu_order":0,"comment_status":"closed","ping_status":"closed","template":"","meta":{"_eb_attr":"","_uag_custom_page_level_css":"","footnotes":""},"class_list":["post-1480","page","type-page","status-publish","hentry"],"nelio_popups_active_popup":"","blocksy_meta":[],"yoast_head":"<!-- This site is optimized with the Yoast SEO plugin v26.8 - https:\/\/yoast.com\/product\/yoast-seo-wordpress\/ -->\n<title>Fondo de ahorros - Misseguros<\/title>\n<meta name=\"robots\" content=\"index, follow, max-snippet:-1, max-image-preview:large, max-video-preview:-1\" \/>\n<link rel=\"canonical\" href=\"https:\/\/misseguros.com.co\/index.php\/productos\/fondo-de-ahorros\/\" \/>\n<meta property=\"og:locale\" content=\"es_ES\" \/>\n<meta property=\"og:type\" content=\"article\" \/>\n<meta property=\"og:title\" content=\"Fondo de ahorros - Misseguros\" \/>\n<meta property=\"og:description\" content=\"Fondo de ahorros En misseguros, respaldamos tu vida y protegemos tu libertad y autonom\u00eda. Con nuestro Fondo de Ahorros, te brindamos opciones para que ahorres con nosotros y hagas realidad tus sue\u00f1os mediante la consolidaci\u00f3n de un patrimonio s\u00f3lido. Con el fondo de ahorro del Seguro de Vida, adquieres: Conf\u00eda en nosotros para asegurar tu [&hellip;]\" \/>\n<meta property=\"og:url\" content=\"https:\/\/misseguros.com.co\/index.php\/productos\/fondo-de-ahorros\/\" \/>\n<meta property=\"og:site_name\" content=\"Misseguros\" \/>\n<meta property=\"article:modified_time\" content=\"2024-04-12T17:34:07+00:00\" \/>\n<meta property=\"og:image\" content=\"https:\/\/misseguros.com.co\/wp-content\/uploads\/2024\/04\/Fondo-de-ahorros-e1712943117511.webp\" \/>\n<meta name=\"twitter:card\" content=\"summary_large_image\" \/>\n<meta name=\"twitter:label1\" content=\"Tiempo de lectura\" \/>\n\t<meta name=\"twitter:data1\" content=\"1 minuto\" \/>\n<script type=\"application\/ld+json\" class=\"yoast-schema-graph\">{\"@context\":\"https:\/\/schema.org\",\"@graph\":[{\"@type\":\"WebPage\",\"@id\":\"https:\/\/misseguros.com.co\/index.php\/productos\/fondo-de-ahorros\/\",\"url\":\"https:\/\/misseguros.com.co\/index.php\/productos\/fondo-de-ahorros\/\",\"name\":\"Fondo de ahorros - Misseguros\",\"isPartOf\":{\"@id\":\"https:\/\/misseguros.com.co\/#website\"},\"primaryImageOfPage\":{\"@id\":\"https:\/\/misseguros.com.co\/index.php\/productos\/fondo-de-ahorros\/#primaryimage\"},\"image\":{\"@id\":\"https:\/\/misseguros.com.co\/index.php\/productos\/fondo-de-ahorros\/#primaryimage\"},\"thumbnailUrl\":\"https:\/\/misseguros.com.co\/wp-content\/uploads\/2024\/04\/Fondo-de-ahorros-e1712943117511.webp\",\"datePublished\":\"2024-04-03T01:56:11+00:00\",\"dateModified\":\"2024-04-12T17:34:07+00:00\",\"breadcrumb\":{\"@id\":\"https:\/\/misseguros.com.co\/index.php\/productos\/fondo-de-ahorros\/#breadcrumb\"},\"inLanguage\":\"es\",\"potentialAction\":[{\"@type\":\"ReadAction\",\"target\":[\"https:\/\/misseguros.com.co\/index.php\/productos\/fondo-de-ahorros\/\"]}]},{\"@type\":\"ImageObject\",\"inLanguage\":\"es\",\"@id\":\"https:\/\/misseguros.com.co\/index.php\/productos\/fondo-de-ahorros\/#primaryimage\",\"url\":\"https:\/\/misseguros.com.co\/wp-content\/uploads\/2024\/04\/Fondo-de-ahorros-e1712943117511.webp\",\"contentUrl\":\"https:\/\/misseguros.com.co\/wp-content\/uploads\/2024\/04\/Fondo-de-ahorros-e1712943117511.webp\",\"width\":1080,\"height\":862,\"caption\":\"Fondo de ahorros\"},{\"@type\":\"BreadcrumbList\",\"@id\":\"https:\/\/misseguros.com.co\/index.php\/productos\/fondo-de-ahorros\/#breadcrumb\",\"itemListElement\":[{\"@type\":\"ListItem\",\"position\":1,\"name\":\"Portada\",\"item\":\"https:\/\/misseguros.com.co\/\"},{\"@type\":\"ListItem\",\"position\":2,\"name\":\"Productos\",\"item\":\"https:\/\/misseguros.com.co\/index.php\/productos\/\"},{\"@type\":\"ListItem\",\"position\":3,\"name\":\"Fondo de ahorros\"}]},{\"@type\":\"WebSite\",\"@id\":\"https:\/\/misseguros.com.co\/#website\",\"url\":\"https:\/\/misseguros.com.co\/\",\"name\":\"Rescar Developers\",\"description\":\"Descubre en misseguros la protecci\u00f3n que necesitas. Expertos en seguros para tu tranquilidad. Encuentra soluciones personalizadas para tus necesidades. \u00a1Con misseguros, protege lo que m\u00e1s importa!\",\"publisher\":{\"@id\":\"https:\/\/misseguros.com.co\/#organization\"},\"potentialAction\":[{\"@type\":\"SearchAction\",\"target\":{\"@type\":\"EntryPoint\",\"urlTemplate\":\"https:\/\/misseguros.com.co\/?s={search_term_string}\"},\"query-input\":{\"@type\":\"PropertyValueSpecification\",\"valueRequired\":true,\"valueName\":\"search_term_string\"}}],\"inLanguage\":\"es\"},{\"@type\":\"Organization\",\"@id\":\"https:\/\/misseguros.com.co\/#organization\",\"name\":\"Rescar Developers\",\"url\":\"https:\/\/misseguros.com.co\/\",\"logo\":{\"@type\":\"ImageObject\",\"inLanguage\":\"es\",\"@id\":\"https:\/\/misseguros.com.co\/#\/schema\/logo\/image\/\",\"url\":\"https:\/\/misseguros.com.co\/wp-content\/uploads\/2024\/02\/Logo-misseguros.webp\",\"contentUrl\":\"https:\/\/misseguros.com.co\/wp-content\/uploads\/2024\/02\/Logo-misseguros.webp\",\"width\":1200,\"height\":500,\"caption\":\"Rescar Developers\"},\"image\":{\"@id\":\"https:\/\/misseguros.com.co\/#\/schema\/logo\/image\/\"}}]}<\/script>\n<!-- \/ Yoast SEO plugin. -->","yoast_head_json":{"title":"Fondo de ahorros - Misseguros","robots":{"index":"index","follow":"follow","max-snippet":"max-snippet:-1","max-image-preview":"max-image-preview:large","max-video-preview":"max-video-preview:-1"},"canonical":"https:\/\/misseguros.com.co\/index.php\/productos\/fondo-de-ahorros\/","og_locale":"es_ES","og_type":"article","og_title":"Fondo de ahorros - Misseguros","og_description":"Fondo de ahorros En misseguros, respaldamos tu vida y protegemos tu libertad y autonom\u00eda. Con nuestro Fondo de Ahorros, te brindamos opciones para que ahorres con nosotros y hagas realidad tus sue\u00f1os mediante la consolidaci\u00f3n de un patrimonio s\u00f3lido. Con el fondo de ahorro del Seguro de Vida, adquieres: Conf\u00eda en nosotros para asegurar tu [&hellip;]","og_url":"https:\/\/misseguros.com.co\/index.php\/productos\/fondo-de-ahorros\/","og_site_name":"Misseguros","article_modified_time":"2024-04-12T17:34:07+00:00","og_image":[{"url":"https:\/\/misseguros.com.co\/wp-content\/uploads\/2024\/04\/Fondo-de-ahorros-e1712943117511.webp","type":"","width":"","height":""}],"twitter_card":"summary_large_image","twitter_misc":{"Tiempo de lectura":"1 minuto"},"schema":{"@context":"https:\/\/schema.org","@graph":[{"@type":"WebPage","@id":"https:\/\/misseguros.com.co\/index.php\/productos\/fondo-de-ahorros\/","url":"https:\/\/misseguros.com.co\/index.php\/productos\/fondo-de-ahorros\/","name":"Fondo de ahorros - Misseguros","isPartOf":{"@id":"https:\/\/misseguros.com.co\/#website"},"primaryImageOfPage":{"@id":"https:\/\/misseguros.com.co\/index.php\/productos\/fondo-de-ahorros\/#primaryimage"},"image":{"@id":"https:\/\/misseguros.com.co\/index.php\/productos\/fondo-de-ahorros\/#primaryimage"},"thumbnailUrl":"https:\/\/misseguros.com.co\/wp-content\/uploads\/2024\/04\/Fondo-de-ahorros-e1712943117511.webp","datePublished":"2024-04-03T01:56:11+00:00","dateModified":"2024-04-12T17:34:07+00:00","breadcrumb":{"@id":"https:\/\/misseguros.com.co\/index.php\/productos\/fondo-de-ahorros\/#breadcrumb"},"inLanguage":"es","potentialAction":[{"@type":"ReadAction","target":["https:\/\/misseguros.com.co\/index.php\/productos\/fondo-de-ahorros\/"]}]},{"@type":"ImageObject","inLanguage":"es","@id":"https:\/\/misseguros.com.co\/index.php\/productos\/fondo-de-ahorros\/#primaryimage","url":"https:\/\/misseguros.com.co\/wp-content\/uploads\/2024\/04\/Fondo-de-ahorros-e1712943117511.webp","contentUrl":"https:\/\/misseguros.com.co\/wp-content\/uploads\/2024\/04\/Fondo-de-ahorros-e1712943117511.webp","width":1080,"height":862,"caption":"Fondo de ahorros"},{"@type":"BreadcrumbList","@id":"https:\/\/misseguros.com.co\/index.php\/productos\/fondo-de-ahorros\/#breadcrumb","itemListElement":[{"@type":"ListItem","position":1,"name":"Portada","item":"https:\/\/misseguros.com.co\/"},{"@type":"ListItem","position":2,"name":"Productos","item":"https:\/\/misseguros.com.co\/index.php\/productos\/"},{"@type":"ListItem","position":3,"name":"Fondo de ahorros"}]},{"@type":"WebSite","@id":"https:\/\/misseguros.com.co\/#website","url":"https:\/\/misseguros.com.co\/","name":"Rescar Developers","description":"Descubre en misseguros la protecci\u00f3n que necesitas. Expertos en seguros para tu tranquilidad. Encuentra soluciones personalizadas para tus necesidades. \u00a1Con misseguros, protege lo que m\u00e1s importa!","publisher":{"@id":"https:\/\/misseguros.com.co\/#organization"},"potentialAction":[{"@type":"SearchAction","target":{"@type":"EntryPoint","urlTemplate":"https:\/\/misseguros.com.co\/?s={search_term_string}"},"query-input":{"@type":"PropertyValueSpecification","valueRequired":true,"valueName":"search_term_string"}}],"inLanguage":"es"},{"@type":"Organization","@id":"https:\/\/misseguros.com.co\/#organization","name":"Rescar Developers","url":"https:\/\/misseguros.com.co\/","logo":{"@type":"ImageObject","inLanguage":"es","@id":"https:\/\/misseguros.com.co\/#\/schema\/logo\/image\/","url":"https:\/\/misseguros.com.co\/wp-content\/uploads\/2024\/02\/Logo-misseguros.webp","contentUrl":"https:\/\/misseguros.com.co\/wp-content\/uploads\/2024\/02\/Logo-misseguros.webp","width":1200,"height":500,"caption":"Rescar Developers"},"image":{"@id":"https:\/\/misseguros.com.co\/#\/schema\/logo\/image\/"}}]}},"uagb_featured_image_src":{"full":false,"thumbnail":false,"medium":false,"medium_large":false,"large":false,"1536x1536":false,"2048x2048":false},"uagb_author_info":{"display_name":"Lina Salazar","author_link":"https:\/\/misseguros.com.co\/index.php\/author\/lina-salazar\/"},"uagb_comment_info":0,"uagb_excerpt":"Fondo de ahorros En misseguros, respaldamos tu vida y protegemos tu libertad y autonom\u00eda. Con nuestro Fondo de Ahorros, te brindamos opciones para que ahorres con nosotros y hagas realidad tus sue\u00f1os mediante la consolidaci\u00f3n de un patrimonio s\u00f3lido. Con el fondo de ahorro del Seguro de Vida, adquieres: Conf\u00eda en nosotros para asegurar tu&hellip;","_links":{"self":[{"href":"https:\/\/misseguros.com.co\/index.php\/wp-json\/wp\/v2\/pages\/1480","targetHints":{"allow":["GET"]}}],"collection":[{"href":"https:\/\/misseguros.com.co\/index.php\/wp-json\/wp\/v2\/pages"}],"about":[{"href":"https:\/\/misseguros.com.co\/index.php\/wp-json\/wp\/v2\/types\/page"}],"author":[{"embeddable":true,"href":"https:\/\/misseguros.com.co\/index.php\/wp-json\/wp\/v2\/users\/4"}],"replies":[{"embeddable":true,"href":"https:\/\/misseguros.com.co\/index.php\/wp-json\/wp\/v2\/comments?post=1480"}],"version-history":[{"count":7,"href":"https:\/\/misseguros.com.co\/index.php\/wp-json\/wp\/v2\/pages\/1480\/revisions"}],"predecessor-version":[{"id":1854,"href":"https:\/\/misseguros.com.co\/index.php\/wp-json\/wp\/v2\/pages\/1480\/revisions\/1854"}],"up":[{"embeddable":true,"href":"https:\/\/misseguros.com.co\/index.php\/wp-json\/wp\/v2\/pages\/777"}],"wp:attachment":[{"href":"https:\/\/misseguros.com.co\/index.php\/wp-json\/wp\/v2\/media?parent=1480"}],"curies":[{"name":"wp","href":"https:\/\/api.w.org\/{rel}","templated":true}]}}