{"id":1494,"date":"2024-04-05T11:41:24","date_gmt":"2024-04-05T16:41:24","guid":{"rendered":"https:\/\/misseguros.com.co\/?page_id=1494"},"modified":"2024-04-05T11:41:24","modified_gmt":"2024-04-05T16:41:24","slug":"asesoria-y-acompanamiento-sg-sst","status":"publish","type":"page","link":"https:\/\/misseguros.com.co\/index.php\/productos\/asesoria-y-acompanamiento-sg-sst\/","title":{"rendered":"Asesor\u00eda y acompa\u00f1amiento SG-SST"},"content":{"rendered":"\n<div class=\"wp-block-stackable-columns stk-block-columns stk-block stk-a1890fd\" data-block-id=\"a1890fd\"><style>.stk-a1890fd{margin-bottom:0px !important}<\/style><div class=\"stk-row stk-inner-blocks stk-block-content stk-content-align stk-a1890fd-column\">\n<div class=\"wp-block-stackable-column stk-block-column stk-column stk-block stk-bc7f328\" data-v=\"4\" data-block-id=\"bc7f328\"><style>@media screen and (min-width:690px){.stk-bc7f328{flex:var(--stk-flex-grow,1) 1 33.3% !important}}<\/style><div class=\"stk-column-wrapper stk-block-column__content stk-container stk-bc7f328-container stk--no-background stk--no-padding\"><div class=\"stk-block-content stk-inner-blocks stk-bc7f328-inner-blocks\">\n<div class=\"wp-block-essential-blocks-advanced-image\"><div class=\"eb-parent-wrapper eb-parent-eb-advanced-image-nxsla \"><figure class=\"eb-advanced-image-wrapper eb-advanced-image-nxsla img-style-rounded caption-style-1 caption-horizontal-center caption-vertical-bottom bottom zoom-in\" data-id=\"eb-advanced-image-nxsla\"><div class=\"image-wrapper\"><img decoding=\"async\" src=\"https:\/\/misseguros.com.co\/wp-content\/uploads\/2024\/02\/seguros-autos.jpg\" alt=\"\"\/><\/div><\/figure><\/div><\/div>\n<\/div><\/div><\/div>\n\n\n\n<div class=\"wp-block-stackable-column stk-block-column stk-column stk-block stk-992ac16\" data-v=\"4\" data-block-id=\"992ac16\"><style>@media screen and (min-width:690px){.stk-992ac16{flex:var(--stk-flex-grow,1) 1 66.7% !important}}<\/style><div class=\"stk-column-wrapper stk-block-column__content stk-container stk-992ac16-container stk--no-background stk--no-padding\"><div class=\"stk-block-content stk-inner-blocks stk-992ac16-inner-blocks\">\n<div class=\"wp-block-stackable-text stk-block-text stk-block stk-ce2918f\" data-block-id=\"ce2918f\"><p class=\"stk-block-text__text has-text-align-justify\">En misseguros, ofrecemos un servicio especializado de asesor\u00eda y acompa\u00f1amiento en Seguridad y Salud en el Trabajo (SST) garantizado por ingenieros profesionales y tecn\u00f3logos especializados. Cubrimos todas tus necesidades a nivel nacional, asegurando el desarrollo \u00f3ptimo de las actividades del SG-SST en tu empresa.<\/p><\/div>\n\n\n\n<div class=\"wp-block-stackable-text stk-block-text stk-block stk-5d86e90\" data-block-id=\"5d86e90\"><p class=\"stk-block-text__text has-text-align-justify\">con nuestro servicio especializado de asesor\u00eda y acompa\u00f1amiento SG-SST contaras con:<\/p><\/div>\n\n\n\n<ul class=\"wp-block-list\">\n<li>Auditor\u00eda interna anual del SGSST.<\/li>\n\n\n\n<li>Asesor\u00eda de la gesti\u00f3n del cambio.<\/li>\n\n\n\n<li>Asesor\u00eda indicadores del SGSST.<\/li>\n\n\n\n<li>Bolet\u00edn actualizaci\u00f3n normativa (bimensual).<\/li>\n\n\n\n<li>Inspecciones de seguridad.<\/li>\n\n\n\n<li>Investigaci\u00f3n de accidentes de trabajo graves.<\/li>\n\n\n\n<li>Asesor\u00eda para la administraci\u00f3n de contratistas y adquisiciones en SST.<\/li>\n\n\n\n<li>Asesor\u00eda sobre requisitos legales de SST, aplicables a la empresa.<\/li>\n\n\n\n<li>An\u00e1lisis de puestos de trabajo<\/li>\n\n\n\n<li>Dise\u00f1o e implementaci\u00f3n del SG-SST.<\/li>\n\n\n\n<li>Asesor\u00eda en COPASS<\/li>\n\n\n\n<li>Intervenci\u00f3n de riesgo psicol\u00f3gico.<\/li>\n\n\n\n<li>Dise\u00f1o e implementaci\u00f3n del plan estrat\u00e9gico de seguridad vial.<\/li>\n\n\n\n<li>Aplicaci\u00f3n de baterias de riesgo psicosocial.<\/li>\n\n\n\n<li>Soluciones Jur\u00eddicas para el desarrollo de actividades laborales y relaci\u00f3n con terceros.<\/li>\n\n\n\n<li>Entrenamiento trabajos de alto riesgo (alturas, espacios confinados, etc.).<\/li>\n\n\n\n<li>Asesor\u00eda m\u00e9dica laboral<\/li>\n\n\n\n<li>Acompa\u00f1amiento en Jornada de la salud.<\/li>\n<\/ul>\n<\/div><\/div><\/div>\n<\/div><\/div>\n\n\n\n<div class=\"wp-block-uagb-counter uagb-block-13b0c554 wp-block-uagb-counter--number\"><span class=\"wp-block-uagb-counter__icon\"><svg xmlns=\"https:\/\/www.w3.org\/2000\/svg\" viewBox=\"0 0 640 512\"><path d=\"M342.5 32C357.2 32 370.7 40.05 377.6 52.98L391.7 78.93L439.1 39.42C444.9 34.62 452.1 32 459.6 32H480C497.7 32 512 46.33 512 64V96C512 113.7 497.7 128 480 128H418.2L473.3 229.1C485.5 226.1 498.5 224 512 224C582.7 224 640 281.3 640 352C640 422.7 582.7 480 512 480C441.3 480 384 422.7 384 352C384 311.1 402.4 276.3 431.1 252.8L415.7 224.2C376.1 253.4 352 299.8 352 352C352 362.1 353.1 373.7 355.2 384H284.8C286.9 373.7 287.1 362.1 287.1 352C287.1 263.6 216.4 192 127.1 192H31.1V160C31.1 142.3 46.33 128 63.1 128H165.5C182.5 128 198.7 134.7 210.7 146.7L255.1 192L354.1 110.3L337.7 80H279.1C266.7 80 255.1 69.25 255.1 56C255.1 42.75 266.7 32 279.1 32L342.5 32zM448 352C448 387.3 476.7 416 512 416C547.3 416 576 387.3 576 352C576 316.7 547.3 288 512 288C509.6 288 507.2 288.1 504.9 288.4L533.1 340.6C539.4 352.2 535.1 366.8 523.4 373.1C511.8 379.4 497.2 375.1 490.9 363.4L462.7 311.2C453.5 322.3 448 336.5 448 352V352zM253.8 376C242.5 435.2 190.5 480 128 480C57.31 480 0 422.7 0 352C0 281.3 57.31 224 128 224C190.5 224 242.5 268.8 253.8 328H187.3C177.9 304.5 154.9 288 128 288C92.65 288 64 316.7 64 352C64 387.3 92.65 416 128 416C154.9 416 177.9 399.5 187.3 376H253.8zM96 352C96 334.3 110.3 320 128 320C145.7 320 160 334.3 160 352C160 369.7 145.7 384 128 384C110.3 384 96 369.7 96 352z\"><\/path><\/svg><\/span><div class=\"wp-block-uagb-counter__number\"><span class=\"uagb-counter-block-prefix\">+<\/span><span class=\"uagb-counter-block-number\" data-duration=\"1.5\" data-to-value=\"500\" data-from-value=\"0\" data-delimiter=\",\"><\/span><\/div><div class=\"wp-block-uagb-counter__title\">Personas nos conf\u00edan sus motos<\/div><\/div>\n\n\n\n<div class=\"wp-block-stackable-columns stk-block-columns stk-block stk-469a077\" data-block-id=\"469a077\"><style>.stk-469a077{margin-bottom:0px !important}<\/style><div class=\"stk-row stk-inner-blocks stk-block-content stk-content-align stk-469a077-column\">\n<div class=\"wp-block-stackable-column stk-block-column stk-column stk-block stk-27d24e9\" data-v=\"4\" data-block-id=\"27d24e9\"><div class=\"stk-column-wrapper stk-block-column__content stk-container stk-27d24e9-container stk--no-background stk--no-padding\"><div class=\"stk-block-content stk-inner-blocks stk-27d24e9-inner-blocks\">\n<div class=\"wp-block-stackable-text stk-block-text stk-block stk-5976a43\" data-block-id=\"5976a43\"><p class=\"stk-block-text__text\">Con este seguro podr\u00e1s contar con:<\/p><\/div>\n\n\n\n<div class=\"wp-block-uagb-icon-list uagb-block-32e4e82c\"><div class=\"uagb-icon-list__wrap\">\n<div data-aos= \"slide-down\" data-aos-duration=\"400\" data-aos-delay=\"0\" data-aos-easing=\"ease\" data-aos-once=\"true\" class=\"wp-block-uagb-icon-list-child uagb-block-5a331e67\"><span class=\"uagb-icon-list__source-wrap\"><svg xmlns=\"https:\/\/www.w3.org\/2000\/svg\" viewBox=\"0 0 512 512\"><path d=\"M39.61 196.8L74.8 96.29C88.27 57.78 124.6 32 165.4 32H346.6C387.4 32 423.7 57.78 437.2 96.29L472.4 196.8C495.6 206.4 512 229.3 512 256V448C512 465.7 497.7 480 480 480H448C430.3 480 416 465.7 416 448V400H96V448C96 465.7 81.67 480 64 480H32C14.33 480 0 465.7 0 448V256C0 229.3 16.36 206.4 39.61 196.8V196.8zM109.1 192H402.9L376.8 117.4C372.3 104.6 360.2 96 346.6 96H165.4C151.8 96 139.7 104.6 135.2 117.4L109.1 192zM96 256C78.33 256 64 270.3 64 288C64 305.7 78.33 320 96 320C113.7 320 128 305.7 128 288C128 270.3 113.7 256 96 256zM416 320C433.7 320 448 305.7 448 288C448 270.3 433.7 256 416 256C398.3 256 384 270.3 384 288C384 305.7 398.3 320 416 320z\"><\/path><\/svg><\/span><span class=\"uagb-icon-list__label\">Pagar por los da\u00f1os que les ocasiones a otras personas o a sus bienes<\/span><\/div>\n\n\n\n<div data-aos= \"slide-down\" data-aos-duration=\"400\" data-aos-delay=\"0\" data-aos-easing=\"ease\" data-aos-once=\"true\" class=\"wp-block-uagb-icon-list-child uagb-block-d2acacd5\"><span class=\"uagb-icon-list__source-wrap\"><svg xmlns=\"https:\/\/www.w3.org\/2000\/svg\" viewBox=\"0 0 512 512\"><path d=\"M39.61 196.8L74.8 96.29C88.27 57.78 124.6 32 165.4 32H346.6C387.4 32 423.7 57.78 437.2 96.29L472.4 196.8C495.6 206.4 512 229.3 512 256V448C512 465.7 497.7 480 480 480H448C430.3 480 416 465.7 416 448V400H96V448C96 465.7 81.67 480 64 480H32C14.33 480 0 465.7 0 448V256C0 229.3 16.36 206.4 39.61 196.8V196.8zM109.1 192H402.9L376.8 117.4C372.3 104.6 360.2 96 346.6 96H165.4C151.8 96 139.7 104.6 135.2 117.4L109.1 192zM96 256C78.33 256 64 270.3 64 288C64 305.7 78.33 320 96 320C113.7 320 128 305.7 128 288C128 270.3 113.7 256 96 256zM416 320C433.7 320 448 305.7 448 288C448 270.3 433.7 256 416 256C398.3 256 384 270.3 384 288C384 305.7 398.3 320 416 320z\"><\/path><\/svg><\/span><span class=\"uagb-icon-list__label\">Pagar por los gastos necesarios para tr\u00e1mites de defensa judicial<\/span><\/div>\n\n\n\n<div data-aos= \"slide-down\" data-aos-duration=\"400\" data-aos-delay=\"0\" data-aos-easing=\"ease\" data-aos-once=\"true\" class=\"wp-block-uagb-icon-list-child uagb-block-e89cea6e\"><span class=\"uagb-icon-list__source-wrap\"><svg xmlns=\"https:\/\/www.w3.org\/2000\/svg\" viewBox=\"0 0 512 512\"><path d=\"M39.61 196.8L74.8 96.29C88.27 57.78 124.6 32 165.4 32H346.6C387.4 32 423.7 57.78 437.2 96.29L472.4 196.8C495.6 206.4 512 229.3 512 256V448C512 465.7 497.7 480 480 480H448C430.3 480 416 465.7 416 448V400H96V448C96 465.7 81.67 480 64 480H32C14.33 480 0 465.7 0 448V256C0 229.3 16.36 206.4 39.61 196.8V196.8zM109.1 192H402.9L376.8 117.4C372.3 104.6 360.2 96 346.6 96H165.4C151.8 96 139.7 104.6 135.2 117.4L109.1 192zM96 256C78.33 256 64 270.3 64 288C64 305.7 78.33 320 96 320C113.7 320 128 305.7 128 288C128 270.3 113.7 256 96 256zM416 320C433.7 320 448 305.7 448 288C448 270.3 433.7 256 416 256C398.3 256 384 270.3 384 288C384 305.7 398.3 320 416 320z\"><\/path><\/svg><\/span><span class=\"uagb-icon-list__label\">Conductor profesional\u200b cuando no puedas manejar por una enfermedad imprevista<\/span><\/div>\n\n\n\n<div data-aos= \"slide-down\" data-aos-duration=\"400\" data-aos-delay=\"0\" data-aos-easing=\"ease\" data-aos-once=\"true\" class=\"wp-block-uagb-icon-list-child uagb-block-b06c6092\"><span class=\"uagb-icon-list__source-wrap\"><svg xmlns=\"https:\/\/www.w3.org\/2000\/svg\" viewBox=\"0 0 512 512\"><path d=\"M39.61 196.8L74.8 96.29C88.27 57.78 124.6 32 165.4 32H346.6C387.4 32 423.7 57.78 437.2 96.29L472.4 196.8C495.6 206.4 512 229.3 512 256V448C512 465.7 497.7 480 480 480H448C430.3 480 416 465.7 416 448V400H96V448C96 465.7 81.67 480 64 480H32C14.33 480 0 465.7 0 448V256C0 229.3 16.36 206.4 39.61 196.8V196.8zM109.1 192H402.9L376.8 117.4C372.3 104.6 360.2 96 346.6 96H165.4C151.8 96 139.7 104.6 135.2 117.4L109.1 192zM96 256C78.33 256 64 270.3 64 288C64 305.7 78.33 320 96 320C113.7 320 128 305.7 128 288C128 270.3 113.7 256 96 256zM416 320C433.7 320 448 305.7 448 288C448 270.3 433.7 256 416 256C398.3 256 384 270.3 384 288C384 305.7 398.3 320 416 320z\"><\/path><\/svg><\/span><span class=\"uagb-icon-list__label\">Te informamos sobre el estado de las v\u00edas<\/span><\/div>\n<\/div><\/div>\n<\/div><\/div><\/div>\n<\/div><\/div>\n\n\n\n<div class=\"wp-block-stackable-button-group stk-block-button-group stk-block stk-4614863\" data-block-id=\"4614863\"><style>.stk-4614863{border-top-left-radius:50px !important;border-top-right-radius:50px !important;border-bottom-right-radius:50px !important;border-bottom-left-radius:50px !important;overflow:hidden !important;margin-bottom:0px !important}.stk-4614863 .stk-button-group{flex-wrap:wrap !important}.stk-4614863 .stk-block-button,.stk-4614863 .stk-block-icon-button{flex:1 !important}<\/style><div class=\"stk-row stk-inner-blocks stk-block-content stk-button-group\">\n<div class=\"wp-block-stackable-button stk-block-button stk-block stk-37f5a5f\" data-block-id=\"37f5a5f\"><style>.stk-37f5a5f{border-top-left-radius:50px !important;border-top-right-radius:50px !important;border-bottom-right-radius:50px !important;border-bottom-left-radius:50px !important;overflow:hidden !important}.stk-37f5a5f .stk-button{background:var(u002du002dtheme-palette-color-3,#FED506) !important;border-top-left-radius:50px !important;border-top-right-radius:50px !important;border-bottom-right-radius:50px !important;border-bottom-left-radius:50px !important}.stk-37f5a5f .stk-button__inner-text{font-size:37px !important;color:var(u002du002dtheme-palette-color-6,#000000) !important;font-weight:bold !important;font-style:normal !important}@media screen and (max-width:999px){.stk-37f5a5f .stk-button__inner-text{font-size:37px !important}}<\/style><a class=\"stk-link stk-button stk--hover-effect-lift-scale-more\" href=\"https:\/\/wa.link\/txuolh\" target=\"_blank\" rel=\"noreferrer noopener\"><span class=\"has-text-color stk-button__inner-text\">Contacta a un asesor para recibir m\u00e1s informaci\u00f3n<\/span><\/a><\/div>\n<\/div><\/div>\n","protected":false},"excerpt":{"rendered":"<p>En misseguros, ofrecemos un servicio especializado de asesor\u00eda y acompa\u00f1amiento en Seguridad y Salud en el Trabajo (SST) garantizado por ingenieros profesionales y tecn\u00f3logos especializados. Cubrimos todas tus necesidades a nivel nacional, asegurando el desarrollo \u00f3ptimo de las actividades del SG-SST en tu empresa. con nuestro servicio especializado de asesor\u00eda y acompa\u00f1amiento SG-SST contaras con: [&hellip;]<\/p>\n","protected":false},"author":4,"featured_media":0,"parent":777,"menu_order":0,"comment_status":"closed","ping_status":"closed","template":"","meta":{"_eb_attr":"","_uag_custom_page_level_css":"","footnotes":""},"class_list":["post-1494","page","type-page","status-publish","hentry"],"nelio_popups_active_popup":"","blocksy_meta":[],"yoast_head":"<!-- This site is optimized with the Yoast SEO plugin v26.8 - https:\/\/yoast.com\/product\/yoast-seo-wordpress\/ -->\n<title>Asesor\u00eda y acompa\u00f1amiento SG-SST - Misseguros<\/title>\n<meta name=\"robots\" content=\"index, follow, max-snippet:-1, max-image-preview:large, max-video-preview:-1\" \/>\n<link rel=\"canonical\" href=\"https:\/\/misseguros.com.co\/index.php\/productos\/asesoria-y-acompanamiento-sg-sst\/\" \/>\n<meta property=\"og:locale\" content=\"es_ES\" \/>\n<meta property=\"og:type\" content=\"article\" \/>\n<meta property=\"og:title\" content=\"Asesor\u00eda y acompa\u00f1amiento SG-SST - Misseguros\" \/>\n<meta property=\"og:description\" content=\"En misseguros, ofrecemos un servicio especializado de asesor\u00eda y acompa\u00f1amiento en Seguridad y Salud en el Trabajo (SST) garantizado por ingenieros profesionales y tecn\u00f3logos especializados. Cubrimos todas tus necesidades a nivel nacional, asegurando el desarrollo \u00f3ptimo de las actividades del SG-SST en tu empresa. con nuestro servicio especializado de asesor\u00eda y acompa\u00f1amiento SG-SST contaras con: [&hellip;]\" \/>\n<meta property=\"og:url\" content=\"https:\/\/misseguros.com.co\/index.php\/productos\/asesoria-y-acompanamiento-sg-sst\/\" \/>\n<meta property=\"og:site_name\" content=\"Misseguros\" \/>\n<meta property=\"og:image\" content=\"https:\/\/misseguros.com.co\/wp-content\/uploads\/2024\/02\/seguros-autos.jpg\" \/>\n<meta name=\"twitter:card\" content=\"summary_large_image\" \/>\n<meta name=\"twitter:label1\" content=\"Tiempo de lectura\" \/>\n\t<meta name=\"twitter:data1\" content=\"2 minutos\" \/>\n<script type=\"application\/ld+json\" class=\"yoast-schema-graph\">{\"@context\":\"https:\/\/schema.org\",\"@graph\":[{\"@type\":\"WebPage\",\"@id\":\"https:\/\/misseguros.com.co\/index.php\/productos\/asesoria-y-acompanamiento-sg-sst\/\",\"url\":\"https:\/\/misseguros.com.co\/index.php\/productos\/asesoria-y-acompanamiento-sg-sst\/\",\"name\":\"Asesor\u00eda y acompa\u00f1amiento SG-SST - Misseguros\",\"isPartOf\":{\"@id\":\"https:\/\/misseguros.com.co\/#website\"},\"primaryImageOfPage\":{\"@id\":\"https:\/\/misseguros.com.co\/index.php\/productos\/asesoria-y-acompanamiento-sg-sst\/#primaryimage\"},\"image\":{\"@id\":\"https:\/\/misseguros.com.co\/index.php\/productos\/asesoria-y-acompanamiento-sg-sst\/#primaryimage\"},\"thumbnailUrl\":\"https:\/\/misseguros.com.co\/wp-content\/uploads\/2024\/02\/seguros-autos.jpg\",\"datePublished\":\"2024-04-05T16:41:24+00:00\",\"breadcrumb\":{\"@id\":\"https:\/\/misseguros.com.co\/index.php\/productos\/asesoria-y-acompanamiento-sg-sst\/#breadcrumb\"},\"inLanguage\":\"es\",\"potentialAction\":[{\"@type\":\"ReadAction\",\"target\":[\"https:\/\/misseguros.com.co\/index.php\/productos\/asesoria-y-acompanamiento-sg-sst\/\"]}]},{\"@type\":\"ImageObject\",\"inLanguage\":\"es\",\"@id\":\"https:\/\/misseguros.com.co\/index.php\/productos\/asesoria-y-acompanamiento-sg-sst\/#primaryimage\",\"url\":\"https:\/\/misseguros.com.co\/wp-content\/uploads\/2024\/02\/seguros-autos.jpg\",\"contentUrl\":\"https:\/\/misseguros.com.co\/wp-content\/uploads\/2024\/02\/seguros-autos.jpg\"},{\"@type\":\"BreadcrumbList\",\"@id\":\"https:\/\/misseguros.com.co\/index.php\/productos\/asesoria-y-acompanamiento-sg-sst\/#breadcrumb\",\"itemListElement\":[{\"@type\":\"ListItem\",\"position\":1,\"name\":\"Portada\",\"item\":\"https:\/\/misseguros.com.co\/\"},{\"@type\":\"ListItem\",\"position\":2,\"name\":\"Productos\",\"item\":\"https:\/\/misseguros.com.co\/index.php\/productos\/\"},{\"@type\":\"ListItem\",\"position\":3,\"name\":\"Asesor\u00eda y acompa\u00f1amiento SG-SST\"}]},{\"@type\":\"WebSite\",\"@id\":\"https:\/\/misseguros.com.co\/#website\",\"url\":\"https:\/\/misseguros.com.co\/\",\"name\":\"Rescar Developers\",\"description\":\"Descubre en misseguros la protecci\u00f3n que necesitas. Expertos en seguros para tu tranquilidad. Encuentra soluciones personalizadas para tus necesidades. \u00a1Con misseguros, protege lo que m\u00e1s importa!\",\"publisher\":{\"@id\":\"https:\/\/misseguros.com.co\/#organization\"},\"potentialAction\":[{\"@type\":\"SearchAction\",\"target\":{\"@type\":\"EntryPoint\",\"urlTemplate\":\"https:\/\/misseguros.com.co\/?s={search_term_string}\"},\"query-input\":{\"@type\":\"PropertyValueSpecification\",\"valueRequired\":true,\"valueName\":\"search_term_string\"}}],\"inLanguage\":\"es\"},{\"@type\":\"Organization\",\"@id\":\"https:\/\/misseguros.com.co\/#organization\",\"name\":\"Rescar Developers\",\"url\":\"https:\/\/misseguros.com.co\/\",\"logo\":{\"@type\":\"ImageObject\",\"inLanguage\":\"es\",\"@id\":\"https:\/\/misseguros.com.co\/#\/schema\/logo\/image\/\",\"url\":\"https:\/\/misseguros.com.co\/wp-content\/uploads\/2024\/02\/Logo-misseguros.webp\",\"contentUrl\":\"https:\/\/misseguros.com.co\/wp-content\/uploads\/2024\/02\/Logo-misseguros.webp\",\"width\":1200,\"height\":500,\"caption\":\"Rescar Developers\"},\"image\":{\"@id\":\"https:\/\/misseguros.com.co\/#\/schema\/logo\/image\/\"}}]}<\/script>\n<!-- \/ Yoast SEO plugin. -->","yoast_head_json":{"title":"Asesor\u00eda y acompa\u00f1amiento SG-SST - Misseguros","robots":{"index":"index","follow":"follow","max-snippet":"max-snippet:-1","max-image-preview":"max-image-preview:large","max-video-preview":"max-video-preview:-1"},"canonical":"https:\/\/misseguros.com.co\/index.php\/productos\/asesoria-y-acompanamiento-sg-sst\/","og_locale":"es_ES","og_type":"article","og_title":"Asesor\u00eda y acompa\u00f1amiento SG-SST - Misseguros","og_description":"En misseguros, ofrecemos un servicio especializado de asesor\u00eda y acompa\u00f1amiento en Seguridad y Salud en el Trabajo (SST) garantizado por ingenieros profesionales y tecn\u00f3logos especializados. Cubrimos todas tus necesidades a nivel nacional, asegurando el desarrollo \u00f3ptimo de las actividades del SG-SST en tu empresa. con nuestro servicio especializado de asesor\u00eda y acompa\u00f1amiento SG-SST contaras con: [&hellip;]","og_url":"https:\/\/misseguros.com.co\/index.php\/productos\/asesoria-y-acompanamiento-sg-sst\/","og_site_name":"Misseguros","og_image":[{"url":"https:\/\/misseguros.com.co\/wp-content\/uploads\/2024\/02\/seguros-autos.jpg","type":"","width":"","height":""}],"twitter_card":"summary_large_image","twitter_misc":{"Tiempo de lectura":"2 minutos"},"schema":{"@context":"https:\/\/schema.org","@graph":[{"@type":"WebPage","@id":"https:\/\/misseguros.com.co\/index.php\/productos\/asesoria-y-acompanamiento-sg-sst\/","url":"https:\/\/misseguros.com.co\/index.php\/productos\/asesoria-y-acompanamiento-sg-sst\/","name":"Asesor\u00eda y acompa\u00f1amiento SG-SST - Misseguros","isPartOf":{"@id":"https:\/\/misseguros.com.co\/#website"},"primaryImageOfPage":{"@id":"https:\/\/misseguros.com.co\/index.php\/productos\/asesoria-y-acompanamiento-sg-sst\/#primaryimage"},"image":{"@id":"https:\/\/misseguros.com.co\/index.php\/productos\/asesoria-y-acompanamiento-sg-sst\/#primaryimage"},"thumbnailUrl":"https:\/\/misseguros.com.co\/wp-content\/uploads\/2024\/02\/seguros-autos.jpg","datePublished":"2024-04-05T16:41:24+00:00","breadcrumb":{"@id":"https:\/\/misseguros.com.co\/index.php\/productos\/asesoria-y-acompanamiento-sg-sst\/#breadcrumb"},"inLanguage":"es","potentialAction":[{"@type":"ReadAction","target":["https:\/\/misseguros.com.co\/index.php\/productos\/asesoria-y-acompanamiento-sg-sst\/"]}]},{"@type":"ImageObject","inLanguage":"es","@id":"https:\/\/misseguros.com.co\/index.php\/productos\/asesoria-y-acompanamiento-sg-sst\/#primaryimage","url":"https:\/\/misseguros.com.co\/wp-content\/uploads\/2024\/02\/seguros-autos.jpg","contentUrl":"https:\/\/misseguros.com.co\/wp-content\/uploads\/2024\/02\/seguros-autos.jpg"},{"@type":"BreadcrumbList","@id":"https:\/\/misseguros.com.co\/index.php\/productos\/asesoria-y-acompanamiento-sg-sst\/#breadcrumb","itemListElement":[{"@type":"ListItem","position":1,"name":"Portada","item":"https:\/\/misseguros.com.co\/"},{"@type":"ListItem","position":2,"name":"Productos","item":"https:\/\/misseguros.com.co\/index.php\/productos\/"},{"@type":"ListItem","position":3,"name":"Asesor\u00eda y acompa\u00f1amiento SG-SST"}]},{"@type":"WebSite","@id":"https:\/\/misseguros.com.co\/#website","url":"https:\/\/misseguros.com.co\/","name":"Rescar Developers","description":"Descubre en misseguros la protecci\u00f3n que necesitas. Expertos en seguros para tu tranquilidad. Encuentra soluciones personalizadas para tus necesidades. \u00a1Con misseguros, protege lo que m\u00e1s importa!","publisher":{"@id":"https:\/\/misseguros.com.co\/#organization"},"potentialAction":[{"@type":"SearchAction","target":{"@type":"EntryPoint","urlTemplate":"https:\/\/misseguros.com.co\/?s={search_term_string}"},"query-input":{"@type":"PropertyValueSpecification","valueRequired":true,"valueName":"search_term_string"}}],"inLanguage":"es"},{"@type":"Organization","@id":"https:\/\/misseguros.com.co\/#organization","name":"Rescar Developers","url":"https:\/\/misseguros.com.co\/","logo":{"@type":"ImageObject","inLanguage":"es","@id":"https:\/\/misseguros.com.co\/#\/schema\/logo\/image\/","url":"https:\/\/misseguros.com.co\/wp-content\/uploads\/2024\/02\/Logo-misseguros.webp","contentUrl":"https:\/\/misseguros.com.co\/wp-content\/uploads\/2024\/02\/Logo-misseguros.webp","width":1200,"height":500,"caption":"Rescar Developers"},"image":{"@id":"https:\/\/misseguros.com.co\/#\/schema\/logo\/image\/"}}]}},"uagb_featured_image_src":{"full":false,"thumbnail":false,"medium":false,"medium_large":false,"large":false,"1536x1536":false,"2048x2048":false},"uagb_author_info":{"display_name":"Lina Salazar","author_link":"https:\/\/misseguros.com.co\/index.php\/author\/lina-salazar\/"},"uagb_comment_info":0,"uagb_excerpt":"En misseguros, ofrecemos un servicio especializado de asesor\u00eda y acompa\u00f1amiento en Seguridad y Salud en el Trabajo (SST) garantizado por ingenieros profesionales y tecn\u00f3logos especializados. Cubrimos todas tus necesidades a nivel nacional, asegurando el desarrollo \u00f3ptimo de las actividades del SG-SST en tu empresa. con nuestro servicio especializado de asesor\u00eda y acompa\u00f1amiento SG-SST contaras con:&hellip;","_links":{"self":[{"href":"https:\/\/misseguros.com.co\/index.php\/wp-json\/wp\/v2\/pages\/1494","targetHints":{"allow":["GET"]}}],"collection":[{"href":"https:\/\/misseguros.com.co\/index.php\/wp-json\/wp\/v2\/pages"}],"about":[{"href":"https:\/\/misseguros.com.co\/index.php\/wp-json\/wp\/v2\/types\/page"}],"author":[{"embeddable":true,"href":"https:\/\/misseguros.com.co\/index.php\/wp-json\/wp\/v2\/users\/4"}],"replies":[{"embeddable":true,"href":"https:\/\/misseguros.com.co\/index.php\/wp-json\/wp\/v2\/comments?post=1494"}],"version-history":[{"count":3,"href":"https:\/\/misseguros.com.co\/index.php\/wp-json\/wp\/v2\/pages\/1494\/revisions"}],"predecessor-version":[{"id":1599,"href":"https:\/\/misseguros.com.co\/index.php\/wp-json\/wp\/v2\/pages\/1494\/revisions\/1599"}],"up":[{"embeddable":true,"href":"https:\/\/misseguros.com.co\/index.php\/wp-json\/wp\/v2\/pages\/777"}],"wp:attachment":[{"href":"https:\/\/misseguros.com.co\/index.php\/wp-json\/wp\/v2\/media?parent=1494"}],"curies":[{"name":"wp","href":"https:\/\/api.w.org\/{rel}","templated":true}]}}