{"id":1496,"date":"2024-04-02T21:25:52","date_gmt":"2024-04-03T02:25:52","guid":{"rendered":"https:\/\/misseguros.com.co\/?page_id=1496"},"modified":"2024-04-12T16:30:04","modified_gmt":"2024-04-12T21:30:04","slug":"autos-colectiva","status":"publish","type":"page","link":"https:\/\/misseguros.com.co\/index.php\/productos\/autos-colectiva\/","title":{"rendered":"Autos Colectiva"},"content":{"rendered":"\n<div class=\"wp-block-uagb-container uagb-block-04ac8f55 alignfull uagb-is-root-container\"><div class=\"uagb-container-inner-blocks-wrap\">\n<div class=\"wp-block-uagb-container uagb-block-646293f4\">\n<div class=\"wp-block-stackable-heading stk-block-heading stk-block-heading--v2 stk-block stk-b648770\" id=\"autos-colectiva\" data-block-id=\"b648770\"><h2 class=\"stk-block-heading__text\">Autos colectiva<\/h2><\/div>\n\n\n\n<div class=\"wp-block-stackable-text stk-block-text stk-block stk-95be972\" data-block-id=\"95be972\"><p class=\"stk-block-text__text has-text-align-justify\">En misseguros entendemos la importancia de proteger los activos de tu empresa y brindar seguridad a tus empleados en cada viaje que realizan. Con nuestro Seguro Colectivo de Veh\u00edculos, ofrecemos una cobertura integral que respalda los carros de tu empresa y proporciona a tus empleados la tranquilidad y la asistencia que necesitan en caso de cualquier eventualidad en la carretera.<\/p><\/div>\n<\/div>\n\n\n\n<div class=\"wp-block-uagb-container uagb-block-508b8709\">\n<div class=\"wp-block-stackable-image stk-block-image stk-block stk-f2baca8\" data-block-id=\"f2baca8\"><style>.stk-f2baca8 .stk-img-wrapper{width:100% !important;height:100% !important}.stk-f2baca8 .stk-img-wrapper img{border-radius:30px !important}.stk-f2baca8 .stk-img-wrapper:hover::after{background-color:var(--theme-palette-color-1,#023466) !important}.stk-f2baca8 .stk-img-wrapper::before{--stk-gradient-overlay:0.3 !important}<\/style><figure><span class=\"stk-img-wrapper stk-image--shape-stretch\"><img loading=\"lazy\" decoding=\"async\" class=\"stk-img wp-image-1882\" src=\"https:\/\/misseguros.com.co\/wp-content\/uploads\/2024\/04\/Autos-Colectiva-e1712957381103.webp\" width=\"1080\" height=\"460\" srcset=\"https:\/\/misseguros.com.co\/wp-content\/uploads\/2024\/04\/Autos-Colectiva-e1712957381103.webp 1080w, https:\/\/misseguros.com.co\/wp-content\/uploads\/2024\/04\/Autos-Colectiva-e1712957381103-300x128.webp 300w, https:\/\/misseguros.com.co\/wp-content\/uploads\/2024\/04\/Autos-Colectiva-e1712957381103-1024x436.webp 1024w, https:\/\/misseguros.com.co\/wp-content\/uploads\/2024\/04\/Autos-Colectiva-e1712957381103-768x327.webp 768w\" sizes=\"auto, (max-width: 1080px) 100vw, 1080px\" \/><\/span><\/figure><\/div>\n<\/div>\n<\/div><\/div>\n\n\n\n<div class=\"wp-block-uagb-container uagb-block-a3c45fe8 alignfull uagb-is-root-container\"><div class=\"uagb-container-inner-blocks-wrap\">\n<div class=\"wp-block-stackable-text stk-block-text stk-block stk-bebaef0\" data-block-id=\"bebaef0\"><p class=\"stk-block-text__text has-text-align-justify\">Nuestro seguro colectivo de veh\u00edculos garantiza respaldo en caso de causar da\u00f1os a terceros, as\u00ed como asistencia oportuna en el momento de un accidente. Tus empleados podr\u00e1n viajar con la seguridad de contar con una tarifa estable a lo largo de su vida laboral, sin preocuparse por altos incrementos en el costo del seguro.<\/p><\/div>\n\n\n\n<div class=\"wp-block-stackable-text stk-block-text stk-block stk-11058bf\" data-block-id=\"11058bf\"><p class=\"stk-block-text__text has-text-align-justify\">En misseguros, comprendemos que la seguridad es fundamental cuando se trata de veh\u00edculos. Por eso, nuestro Seguro de Autos ofrece un acompa\u00f1amiento continuo y permanente, no solo en situaciones de accidentes o hurto, sino tambi\u00e9n en aspectos de prevenci\u00f3n y comodidad para su d\u00eda a d\u00eda.<\/p><\/div>\n\n\n\n<div class=\"wp-block-stackable-text stk-block-text stk-block stk-6b84016\" data-block-id=\"6b84016\"><p class=\"stk-block-text__text has-text-align-justify\">Gracias al Seguro de Autos de misseguros, podr\u00e1s asegurar los veh\u00edculos de tus empleados y tu flota propia en unas condiciones m\u00e1s competitivas. Nuestro seguro cubre los da\u00f1os ocasionados por accidentes tanto a los veh\u00edculos propios como a los de terceros afectados, garantizando la protecci\u00f3n integral de tu patrimonio y el de tus empleados.<\/p><\/div>\n\n\n\n<div class=\"wp-block-stackable-text stk-block-text stk-block stk-3db51be\" data-block-id=\"3db51be\"><p class=\"stk-block-text__text has-text-align-justify\">Ofrecemos tarifas preferenciales y opciones de fraccionamiento del seguro en cuotas sin intereses, brindando flexibilidad y conveniencia a tu empresa y tus empleados.<\/p><\/div>\n<\/div><\/div>\n\n\n\n<div class=\"wp-block-uagb-counter uagb-block-13b0c554 wp-block-uagb-counter--number\"><span class=\"wp-block-uagb-counter__image-wrap\"><img decoding=\"async\" class=\"wp-block-uagb-counter__image\" src=\"https:\/\/misseguros.com.co\/wp-content\/uploads\/2024\/04\/mantenimiento-e1712928919361-150x150.webp\" alt=\"Autos colectiva\" width=\"150\" height=\"150\" loading=\"lazy\"\/><\/span><div class=\"wp-block-uagb-counter__number\"><span class=\"uagb-counter-block-prefix\">+<\/span><span class=\"uagb-counter-block-number\" data-duration=\"1.5\" data-to-value=\"675\" data-from-value=\"0\" data-delimiter=\",\"><\/span><\/div><div class=\"wp-block-uagb-counter__title\">Empresas nos conf\u00edan sus veh\u00edculos y los de sus empleados<\/div><\/div>\n\n\n\n<div class=\"wp-block-uagb-container uagb-block-f567686a alignfull uagb-is-root-container\"><div class=\"uagb-container-inner-blocks-wrap\">\n<div class=\"wp-block-uagb-container uagb-block-d4d508ac\">\n<div class=\"wp-block-stackable-columns stk-block-columns stk-block stk-8646f39\" data-block-id=\"8646f39\"><style>.stk-8646f39{border-style:solid !important;border-color:var(--theme-palette-color-2,#66CC99) !important;border-top-width:0px !important;border-right-width:0px !important;border-bottom-width:3px !important;border-left-width:0px !important;margin-bottom:9px !important}<\/style><div class=\"stk-row stk-inner-blocks stk-block-content stk-content-align stk-8646f39-column\">\n<div class=\"wp-block-stackable-column stk-block-column stk-column stk-block stk-f5775bd\" data-v=\"4\" data-block-id=\"f5775bd\"><div class=\"stk-column-wrapper stk-block-column__content stk-container stk-f5775bd-container stk--no-background stk--no-padding\"><div class=\"stk-block-content stk-inner-blocks stk-f5775bd-inner-blocks\">\n<div class=\"wp-block-stackable-heading stk-block-heading stk-block-heading--v2 stk-block stk-364063e\" id=\"que-ofrecemos-con-el-seguro-de-autos-para-empresas\" data-block-id=\"364063e\"><h2 class=\"stk-block-heading__text\">\u00bfQu\u00e9 ofrecemos con el Seguro de Autos para Empresas?<\/h2><\/div>\n<\/div><\/div><\/div>\n<\/div><\/div>\n\n\n\n<div class=\"wp-block-stackable-columns stk-block-columns stk-block stk-e0fb93f\" data-block-id=\"e0fb93f\"><style>.stk-e0fb93f{margin-bottom:33px !important}<\/style><div class=\"stk-row stk-inner-blocks stk-block-content stk-content-align stk-e0fb93f-column\">\n<div class=\"wp-block-stackable-column stk-block-column stk-column stk-block stk-796670c\" data-v=\"4\" data-block-id=\"796670c\"><div class=\"stk-column-wrapper stk-block-column__content stk-container stk-796670c-container stk--no-background stk--no-padding\"><div class=\"stk-block-content stk-inner-blocks stk-796670c-inner-blocks\">\n<div class=\"wp-block-stackable-text stk-block-text stk-block stk-9b0eaf3\" data-block-id=\"9b0eaf3\"><p class=\"stk-block-text__text has-text-align-justify\">Ofrecemos una amplia gama de opciones de seguro de autos, dise\u00f1adas para adaptarse a las necesidades espec\u00edficas de tu empresa y tus empleados. Desde seguros para carros hasta seguros para motos y veh\u00edculos utilitarios y pesados, tenemos la soluci\u00f3n perfecta para ti.<\/p><\/div>\n\n\n\n<div class=\"wp-block-stackable-text stk-block-text stk-block stk-f3bf2d1\" data-block-id=\"f3bf2d1\"><p class=\"stk-block-text__text has-text-align-justify\">Nuestros seguros de autos proporcionan un respaldo real y continuo, con servicios que incluyen desde carros de reemplazo y asistencia legal hasta promociones en servicios de mantenimiento y reparaci\u00f3n.<\/p><\/div>\n<\/div><\/div><\/div>\n<\/div><\/div>\n\n\n\n<div class=\"wp-block-stackable-columns stk-block-columns stk-block stk-2adb045\" data-block-id=\"2adb045\"><style>.stk-2adb045{border-style:solid !important;border-color:var(--theme-palette-color-2,#66CC99) !important;border-top-width:0px !important;border-right-width:0px !important;border-bottom-width:3px !important;border-left-width:0px !important;margin-bottom:9px !important}<\/style><div class=\"stk-row stk-inner-blocks stk-block-content stk-content-align stk-2adb045-column\">\n<div class=\"wp-block-stackable-column stk-block-column stk-column stk-block stk-2e1f770\" data-v=\"4\" data-block-id=\"2e1f770\"><div class=\"stk-column-wrapper stk-block-column__content stk-container stk-2e1f770-container stk--no-background stk--no-padding\"><div class=\"stk-block-content stk-inner-blocks stk-2e1f770-inner-blocks\">\n<div class=\"wp-block-stackable-heading stk-block-heading stk-block-heading--v2 stk-block stk-43b0b96\" id=\"que-empresas-pueden-asegurarse\" data-block-id=\"43b0b96\"><h2 class=\"stk-block-heading__text\">\u00bfQu\u00e9 empresas pueden asegurarse?<\/h2><\/div>\n<\/div><\/div><\/div>\n<\/div><\/div>\n\n\n\n<div class=\"wp-block-stackable-columns stk-block-columns stk-block stk-530e202\" data-block-id=\"530e202\"><style>.stk-530e202{margin-bottom:33px !important}<\/style><div class=\"stk-row stk-inner-blocks stk-block-content stk-content-align stk-530e202-column\">\n<div class=\"wp-block-stackable-column stk-block-column stk-column stk-block stk-70c5c63\" data-v=\"4\" data-block-id=\"70c5c63\"><div class=\"stk-column-wrapper stk-block-column__content stk-container stk-70c5c63-container stk--no-background stk--no-padding\"><div class=\"stk-block-content stk-inner-blocks stk-70c5c63-inner-blocks\">\n<div class=\"wp-block-stackable-text stk-block-text stk-block stk-af3de41\" data-block-id=\"af3de41\"><p class=\"stk-block-text__text has-text-align-justify\">Cualquier empresa que necesite asegurar m\u00e1s de quince veh\u00edculos, ya sean de la empresa, de los empleados o de sus familiares, puede beneficiarse de nuestro Seguro Colectivo de Veh\u00edculos.<\/p><\/div>\n\n\n\n<div class=\"wp-block-stackable-text stk-block-text stk-block stk-1057a52\" data-block-id=\"1057a52\"><p class=\"stk-block-text__text has-text-align-justify\">En misseguros, nos comprometemos a proteger lo que m\u00e1s importa para tu empresa y tus empleados. Con nuestro Seguro Colectivo de Veh\u00edculos, garantizamos la seguridad y la tranquilidad en cada viaje que emprendan.<\/p><\/div>\n<\/div><\/div><\/div>\n<\/div><\/div>\n<\/div>\n<\/div><\/div>\n\n\n\n<div class=\"wp-block-stackable-button-group stk-block-button-group stk-block stk-4614863\" data-block-id=\"4614863\"><style>.stk-4614863{border-top-left-radius:50px !important;border-top-right-radius:50px !important;border-bottom-right-radius:50px !important;border-bottom-left-radius:50px !important;overflow:hidden !important;margin-bottom:0px !important}.stk-4614863 .stk-button-group{flex-wrap:wrap !important}.stk-4614863 .stk-block-button,.stk-4614863 .stk-block-icon-button{flex:1 !important}<\/style><div class=\"stk-row stk-inner-blocks stk-block-content stk-button-group\">\n<div class=\"wp-block-stackable-button stk-block-button stk-block stk-37f5a5f\" data-block-id=\"37f5a5f\"><style>.stk-37f5a5f{border-top-left-radius:50px !important;border-top-right-radius:50px !important;border-bottom-right-radius:50px !important;border-bottom-left-radius:50px !important;overflow:hidden !important}.stk-37f5a5f .stk-button{background:var(u002du002dtheme-palette-color-3,#FED506) !important;border-top-left-radius:50px !important;border-top-right-radius:50px !important;border-bottom-right-radius:50px !important;border-bottom-left-radius:50px !important}.stk-37f5a5f .stk-button__inner-text{font-size:37px !important;color:var(u002du002dtheme-palette-color-6,#000000) !important;font-weight:bold !important;font-style:normal !important}@media screen and (max-width:999px){.stk-37f5a5f .stk-button__inner-text{font-size:37px !important}}<\/style><a class=\"stk-link stk-button stk--hover-effect-lift-scale-more\" href=\"https:\/\/wa.link\/txuolh\" target=\"_blank\" rel=\"noreferrer noopener\"><span class=\"has-text-color stk-button__inner-text\">Contacta a un asesor para recibir m\u00e1s informaci\u00f3n<\/span><\/a><\/div>\n<\/div><\/div>\n","protected":false},"excerpt":{"rendered":"<p>Autos colectiva En misseguros entendemos la importancia de proteger los activos de tu empresa y brindar seguridad a tus empleados en cada viaje que realizan. Con nuestro Seguro Colectivo de Veh\u00edculos, ofrecemos una cobertura integral que respalda los carros de tu empresa y proporciona a tus empleados la tranquilidad y la asistencia que necesitan en [&hellip;]<\/p>\n","protected":false},"author":4,"featured_media":0,"parent":777,"menu_order":0,"comment_status":"closed","ping_status":"closed","template":"","meta":{"_eb_attr":"","_uag_custom_page_level_css":"","footnotes":""},"class_list":["post-1496","page","type-page","status-publish","hentry"],"nelio_popups_active_popup":"","blocksy_meta":[],"yoast_head":"<!-- This site is optimized with the Yoast SEO plugin v26.8 - https:\/\/yoast.com\/product\/yoast-seo-wordpress\/ -->\n<title>Autos Colectiva - Misseguros<\/title>\n<meta name=\"robots\" content=\"index, follow, max-snippet:-1, max-image-preview:large, max-video-preview:-1\" \/>\n<link rel=\"canonical\" href=\"https:\/\/misseguros.com.co\/index.php\/productos\/autos-colectiva\/\" \/>\n<meta property=\"og:locale\" content=\"es_ES\" \/>\n<meta property=\"og:type\" content=\"article\" \/>\n<meta property=\"og:title\" content=\"Autos Colectiva - Misseguros\" \/>\n<meta property=\"og:description\" content=\"Autos colectiva En misseguros entendemos la importancia de proteger los activos de tu empresa y brindar seguridad a tus empleados en cada viaje que realizan. Con nuestro Seguro Colectivo de Veh\u00edculos, ofrecemos una cobertura integral que respalda los carros de tu empresa y proporciona a tus empleados la tranquilidad y la asistencia que necesitan en [&hellip;]\" \/>\n<meta property=\"og:url\" content=\"https:\/\/misseguros.com.co\/index.php\/productos\/autos-colectiva\/\" \/>\n<meta property=\"og:site_name\" content=\"Misseguros\" \/>\n<meta property=\"article:modified_time\" content=\"2024-04-12T21:30:04+00:00\" \/>\n<meta property=\"og:image\" content=\"https:\/\/misseguros.com.co\/wp-content\/uploads\/2024\/04\/Autos-Colectiva-e1712957381103.webp\" \/>\n<meta name=\"twitter:card\" content=\"summary_large_image\" \/>\n<meta name=\"twitter:label1\" content=\"Tiempo de lectura\" \/>\n\t<meta name=\"twitter:data1\" content=\"3 minutos\" \/>\n<script type=\"application\/ld+json\" class=\"yoast-schema-graph\">{\"@context\":\"https:\/\/schema.org\",\"@graph\":[{\"@type\":\"WebPage\",\"@id\":\"https:\/\/misseguros.com.co\/index.php\/productos\/autos-colectiva\/\",\"url\":\"https:\/\/misseguros.com.co\/index.php\/productos\/autos-colectiva\/\",\"name\":\"Autos Colectiva - Misseguros\",\"isPartOf\":{\"@id\":\"https:\/\/misseguros.com.co\/#website\"},\"primaryImageOfPage\":{\"@id\":\"https:\/\/misseguros.com.co\/index.php\/productos\/autos-colectiva\/#primaryimage\"},\"image\":{\"@id\":\"https:\/\/misseguros.com.co\/index.php\/productos\/autos-colectiva\/#primaryimage\"},\"thumbnailUrl\":\"https:\/\/misseguros.com.co\/wp-content\/uploads\/2024\/04\/Autos-Colectiva-e1712957381103.webp\",\"datePublished\":\"2024-04-03T02:25:52+00:00\",\"dateModified\":\"2024-04-12T21:30:04+00:00\",\"breadcrumb\":{\"@id\":\"https:\/\/misseguros.com.co\/index.php\/productos\/autos-colectiva\/#breadcrumb\"},\"inLanguage\":\"es\",\"potentialAction\":[{\"@type\":\"ReadAction\",\"target\":[\"https:\/\/misseguros.com.co\/index.php\/productos\/autos-colectiva\/\"]}]},{\"@type\":\"ImageObject\",\"inLanguage\":\"es\",\"@id\":\"https:\/\/misseguros.com.co\/index.php\/productos\/autos-colectiva\/#primaryimage\",\"url\":\"https:\/\/misseguros.com.co\/wp-content\/uploads\/2024\/04\/Autos-Colectiva-e1712957381103.webp\",\"contentUrl\":\"https:\/\/misseguros.com.co\/wp-content\/uploads\/2024\/04\/Autos-Colectiva-e1712957381103.webp\",\"width\":1080,\"height\":460},{\"@type\":\"BreadcrumbList\",\"@id\":\"https:\/\/misseguros.com.co\/index.php\/productos\/autos-colectiva\/#breadcrumb\",\"itemListElement\":[{\"@type\":\"ListItem\",\"position\":1,\"name\":\"Portada\",\"item\":\"https:\/\/misseguros.com.co\/\"},{\"@type\":\"ListItem\",\"position\":2,\"name\":\"Productos\",\"item\":\"https:\/\/misseguros.com.co\/index.php\/productos\/\"},{\"@type\":\"ListItem\",\"position\":3,\"name\":\"Autos Colectiva\"}]},{\"@type\":\"WebSite\",\"@id\":\"https:\/\/misseguros.com.co\/#website\",\"url\":\"https:\/\/misseguros.com.co\/\",\"name\":\"Rescar Developers\",\"description\":\"Descubre en misseguros la protecci\u00f3n que necesitas. Expertos en seguros para tu tranquilidad. Encuentra soluciones personalizadas para tus necesidades. \u00a1Con misseguros, protege lo que m\u00e1s importa!\",\"publisher\":{\"@id\":\"https:\/\/misseguros.com.co\/#organization\"},\"potentialAction\":[{\"@type\":\"SearchAction\",\"target\":{\"@type\":\"EntryPoint\",\"urlTemplate\":\"https:\/\/misseguros.com.co\/?s={search_term_string}\"},\"query-input\":{\"@type\":\"PropertyValueSpecification\",\"valueRequired\":true,\"valueName\":\"search_term_string\"}}],\"inLanguage\":\"es\"},{\"@type\":\"Organization\",\"@id\":\"https:\/\/misseguros.com.co\/#organization\",\"name\":\"Rescar Developers\",\"url\":\"https:\/\/misseguros.com.co\/\",\"logo\":{\"@type\":\"ImageObject\",\"inLanguage\":\"es\",\"@id\":\"https:\/\/misseguros.com.co\/#\/schema\/logo\/image\/\",\"url\":\"https:\/\/misseguros.com.co\/wp-content\/uploads\/2024\/02\/Logo-misseguros.webp\",\"contentUrl\":\"https:\/\/misseguros.com.co\/wp-content\/uploads\/2024\/02\/Logo-misseguros.webp\",\"width\":1200,\"height\":500,\"caption\":\"Rescar Developers\"},\"image\":{\"@id\":\"https:\/\/misseguros.com.co\/#\/schema\/logo\/image\/\"}}]}<\/script>\n<!-- \/ Yoast SEO plugin. -->","yoast_head_json":{"title":"Autos Colectiva - Misseguros","robots":{"index":"index","follow":"follow","max-snippet":"max-snippet:-1","max-image-preview":"max-image-preview:large","max-video-preview":"max-video-preview:-1"},"canonical":"https:\/\/misseguros.com.co\/index.php\/productos\/autos-colectiva\/","og_locale":"es_ES","og_type":"article","og_title":"Autos Colectiva - Misseguros","og_description":"Autos colectiva En misseguros entendemos la importancia de proteger los activos de tu empresa y brindar seguridad a tus empleados en cada viaje que realizan. Con nuestro Seguro Colectivo de Veh\u00edculos, ofrecemos una cobertura integral que respalda los carros de tu empresa y proporciona a tus empleados la tranquilidad y la asistencia que necesitan en [&hellip;]","og_url":"https:\/\/misseguros.com.co\/index.php\/productos\/autos-colectiva\/","og_site_name":"Misseguros","article_modified_time":"2024-04-12T21:30:04+00:00","og_image":[{"url":"https:\/\/misseguros.com.co\/wp-content\/uploads\/2024\/04\/Autos-Colectiva-e1712957381103.webp","type":"","width":"","height":""}],"twitter_card":"summary_large_image","twitter_misc":{"Tiempo de lectura":"3 minutos"},"schema":{"@context":"https:\/\/schema.org","@graph":[{"@type":"WebPage","@id":"https:\/\/misseguros.com.co\/index.php\/productos\/autos-colectiva\/","url":"https:\/\/misseguros.com.co\/index.php\/productos\/autos-colectiva\/","name":"Autos Colectiva - Misseguros","isPartOf":{"@id":"https:\/\/misseguros.com.co\/#website"},"primaryImageOfPage":{"@id":"https:\/\/misseguros.com.co\/index.php\/productos\/autos-colectiva\/#primaryimage"},"image":{"@id":"https:\/\/misseguros.com.co\/index.php\/productos\/autos-colectiva\/#primaryimage"},"thumbnailUrl":"https:\/\/misseguros.com.co\/wp-content\/uploads\/2024\/04\/Autos-Colectiva-e1712957381103.webp","datePublished":"2024-04-03T02:25:52+00:00","dateModified":"2024-04-12T21:30:04+00:00","breadcrumb":{"@id":"https:\/\/misseguros.com.co\/index.php\/productos\/autos-colectiva\/#breadcrumb"},"inLanguage":"es","potentialAction":[{"@type":"ReadAction","target":["https:\/\/misseguros.com.co\/index.php\/productos\/autos-colectiva\/"]}]},{"@type":"ImageObject","inLanguage":"es","@id":"https:\/\/misseguros.com.co\/index.php\/productos\/autos-colectiva\/#primaryimage","url":"https:\/\/misseguros.com.co\/wp-content\/uploads\/2024\/04\/Autos-Colectiva-e1712957381103.webp","contentUrl":"https:\/\/misseguros.com.co\/wp-content\/uploads\/2024\/04\/Autos-Colectiva-e1712957381103.webp","width":1080,"height":460},{"@type":"BreadcrumbList","@id":"https:\/\/misseguros.com.co\/index.php\/productos\/autos-colectiva\/#breadcrumb","itemListElement":[{"@type":"ListItem","position":1,"name":"Portada","item":"https:\/\/misseguros.com.co\/"},{"@type":"ListItem","position":2,"name":"Productos","item":"https:\/\/misseguros.com.co\/index.php\/productos\/"},{"@type":"ListItem","position":3,"name":"Autos Colectiva"}]},{"@type":"WebSite","@id":"https:\/\/misseguros.com.co\/#website","url":"https:\/\/misseguros.com.co\/","name":"Rescar Developers","description":"Descubre en misseguros la protecci\u00f3n que necesitas. Expertos en seguros para tu tranquilidad. Encuentra soluciones personalizadas para tus necesidades. \u00a1Con misseguros, protege lo que m\u00e1s importa!","publisher":{"@id":"https:\/\/misseguros.com.co\/#organization"},"potentialAction":[{"@type":"SearchAction","target":{"@type":"EntryPoint","urlTemplate":"https:\/\/misseguros.com.co\/?s={search_term_string}"},"query-input":{"@type":"PropertyValueSpecification","valueRequired":true,"valueName":"search_term_string"}}],"inLanguage":"es"},{"@type":"Organization","@id":"https:\/\/misseguros.com.co\/#organization","name":"Rescar Developers","url":"https:\/\/misseguros.com.co\/","logo":{"@type":"ImageObject","inLanguage":"es","@id":"https:\/\/misseguros.com.co\/#\/schema\/logo\/image\/","url":"https:\/\/misseguros.com.co\/wp-content\/uploads\/2024\/02\/Logo-misseguros.webp","contentUrl":"https:\/\/misseguros.com.co\/wp-content\/uploads\/2024\/02\/Logo-misseguros.webp","width":1200,"height":500,"caption":"Rescar Developers"},"image":{"@id":"https:\/\/misseguros.com.co\/#\/schema\/logo\/image\/"}}]}},"uagb_featured_image_src":{"full":false,"thumbnail":false,"medium":false,"medium_large":false,"large":false,"1536x1536":false,"2048x2048":false},"uagb_author_info":{"display_name":"Lina Salazar","author_link":"https:\/\/misseguros.com.co\/index.php\/author\/lina-salazar\/"},"uagb_comment_info":0,"uagb_excerpt":"Autos colectiva En misseguros entendemos la importancia de proteger los activos de tu empresa y brindar seguridad a tus empleados en cada viaje que realizan. Con nuestro Seguro Colectivo de Veh\u00edculos, ofrecemos una cobertura integral que respalda los carros de tu empresa y proporciona a tus empleados la tranquilidad y la asistencia que necesitan en&hellip;","_links":{"self":[{"href":"https:\/\/misseguros.com.co\/index.php\/wp-json\/wp\/v2\/pages\/1496","targetHints":{"allow":["GET"]}}],"collection":[{"href":"https:\/\/misseguros.com.co\/index.php\/wp-json\/wp\/v2\/pages"}],"about":[{"href":"https:\/\/misseguros.com.co\/index.php\/wp-json\/wp\/v2\/types\/page"}],"author":[{"embeddable":true,"href":"https:\/\/misseguros.com.co\/index.php\/wp-json\/wp\/v2\/users\/4"}],"replies":[{"embeddable":true,"href":"https:\/\/misseguros.com.co\/index.php\/wp-json\/wp\/v2\/comments?post=1496"}],"version-history":[{"count":5,"href":"https:\/\/misseguros.com.co\/index.php\/wp-json\/wp\/v2\/pages\/1496\/revisions"}],"predecessor-version":[{"id":1885,"href":"https:\/\/misseguros.com.co\/index.php\/wp-json\/wp\/v2\/pages\/1496\/revisions\/1885"}],"up":[{"embeddable":true,"href":"https:\/\/misseguros.com.co\/index.php\/wp-json\/wp\/v2\/pages\/777"}],"wp:attachment":[{"href":"https:\/\/misseguros.com.co\/index.php\/wp-json\/wp\/v2\/media?parent=1496"}],"curies":[{"name":"wp","href":"https:\/\/api.w.org\/{rel}","templated":true}]}}